{"id":376,"date":"2018-06-06T06:17:02","date_gmt":"2018-06-05T22:17:02","guid":{"rendered":"http:\/\/www.alusignacm.com\/es\/?page_id=376"},"modified":"2024-07-15T10:28:08","modified_gmt":"2024-07-15T02:28:08","slug":"contact","status":"publish","type":"page","link":"https:\/\/www.alusignacm.com\/es\/contact\/","title":{"rendered":"Contact"},"content":{"rendered":"<div id=\"pl-376\"  class=\"panel-layout\" ><div id=\"pg-376-0\"  class=\"panel-grid panel-has-style\" ><div class=\"panel-row-style panel-row-style-for-376-0\" ><div id=\"pgc-376-0-0\"  class=\"panel-grid-cell\" ><div id=\"panel-376-0-0-0\" class=\"so-panel widget widget_black-studio-tinymce widget_black_studio_tinymce panel-first-child panel-last-child\" data-index=\"0\" ><div class=\"textwidget\"><h3>Informaci\u00f3n del contacto<\/h3>\n<hr \/>\n<p>Direcci\u00f3n de la oficina: Room 1401, No.177 Zheng Tong Road, Shanghai City, China<br \/>\nDirecci\u00f3n de f\u00e1brica: Western Daiwant Road, zona del parque industrial de Chengdong, ciudad de Taixing, provincia de Jiangsu<br \/>\nTel.: 0086-021-65665707<br \/>\nMobile: 0086-18516251257<br \/>\nEmail: alusign001@gmail.com<\/p>\n<div id=\"pg-w5b7cff4c3c268-3\" class=\"panel-grid panel-no-style\">\n<div id=\"pgc-w5b7cff4c3c268-3-0\" class=\"panel-grid-cell\">\n<div id=\"panel-w5b7cff4c3c268-3-0-0\" class=\"so-panel widget widget_black-studio-tinymce widget_black_studio_tinymce panel-first-child panel-last-child\" data-index=\"5\">\n<div class=\"textwidget\"><\/div>\n<\/div>\n<\/div>\n<\/div>\n<div class=\"inquirShow\"><\/div>\n<dl class=\"cl\"><\/dl>\n<dl class=\"cl\"><\/dl>\n<dl class=\"cl\"><\/dl>\n<dl class=\"cl\"><\/dl>\n<dl class=\"cl\"><\/dl>\n<\/div><\/div><\/div><\/div><\/div><div id=\"pg-376-1\"  class=\"panel-grid panel-no-style\" ><div id=\"pgc-376-1-0\"  class=\"panel-grid-cell\" ><div id=\"panel-376-1-0-0\" class=\"so-panel widget widget_black-studio-tinymce widget_black_studio_tinymce panel-first-child panel-last-child\" data-index=\"1\" ><div class=\"textwidget\"><h3>Consulta en l\u00ednea<\/h3>\n<hr \/>\n<p>\n<div class=\"wpcf7 no-js\" id=\"wpcf7-f711-o1\" lang=\"en-GB\" dir=\"ltr\" data-wpcf7-id=\"711\">\n<div class=\"screen-reader-response\"><p role=\"status\" aria-live=\"polite\" aria-atomic=\"true\"><\/p> <ul><\/ul><\/div>\n<form action=\"\/es\/wp-json\/wp\/v2\/pages\/376#wpcf7-f711-o1\" method=\"post\" class=\"wpcf7-form init\" aria-label=\"Contact form\" novalidate=\"novalidate\" data-status=\"init\">\n<fieldset class=\"hidden-fields-container\"><input type=\"hidden\" name=\"_wpcf7\" value=\"711\" \/><input type=\"hidden\" name=\"_wpcf7_version\" value=\"6.1.5\" \/><input type=\"hidden\" name=\"_wpcf7_locale\" value=\"en_GB\" \/><input type=\"hidden\" name=\"_wpcf7_unit_tag\" value=\"wpcf7-f711-o1\" \/><input type=\"hidden\" name=\"_wpcf7_container_post\" value=\"0\" \/><input type=\"hidden\" name=\"_wpcf7_posted_data_hash\" value=\"\" \/>\n<\/fieldset>\n<p><label> Tu nombre (required)<br \/>\n<span class=\"wpcf7-form-control-wrap\" data-name=\"your-name\"><input size=\"40\" maxlength=\"400\" class=\"wpcf7-form-control wpcf7-text wpcf7-validates-as-required\" aria-required=\"true\" aria-invalid=\"false\" value=\"\" type=\"text\" name=\"your-name\" \/><\/span> <\/label>\n<\/p>\n<p><label> Tu correo electr\u00f3nico (required)<br \/>\n<span class=\"wpcf7-form-control-wrap\" data-name=\"your-email\"><input size=\"40\" maxlength=\"400\" class=\"wpcf7-form-control wpcf7-email wpcf7-validates-as-required wpcf7-text wpcf7-validates-as-email\" aria-required=\"true\" aria-invalid=\"false\" value=\"\" type=\"email\" name=\"your-email\" \/><\/span> <\/label>\n<\/p>\n<p><label> Tu n\u00famero (required)<br \/>\n<span class=\"wpcf7-form-control-wrap\" data-name=\"your-number\"><input size=\"40\" maxlength=\"400\" class=\"wpcf7-form-control wpcf7-text wpcf7-validates-as-required\" aria-required=\"true\" aria-invalid=\"false\" value=\"\" type=\"text\" name=\"your-number\" \/><\/span> <\/label>\n<\/p>\n<p><label> Tu pa\u00eds (required)<br \/>\n<span class=\"wpcf7-form-control-wrap\" data-name=\"your-country\"><input size=\"40\" maxlength=\"400\" class=\"wpcf7-form-control wpcf7-text wpcf7-validates-as-required\" aria-required=\"true\" aria-invalid=\"false\" value=\"\" type=\"text\" name=\"your-country\" \/><\/span> <\/label>\n<\/p>\n<p><label> El nombre de tu compa\u00f1\u00eda (required)<br \/>\n<span class=\"wpcf7-form-control-wrap\" data-name=\"your-company\"><input size=\"40\" maxlength=\"400\" class=\"wpcf7-form-control wpcf7-text wpcf7-validates-as-required\" aria-required=\"true\" aria-invalid=\"false\" value=\"\" type=\"text\" name=\"your-company\" \/><\/span> <\/label>\n<\/p>\n<p><label> Tu mensaje<br \/>\n<span class=\"wpcf7-form-control-wrap\" data-name=\"your-message\"><textarea cols=\"40\" rows=\"10\" maxlength=\"2000\" class=\"wpcf7-form-control wpcf7-textarea\" aria-invalid=\"false\" name=\"your-message\"><\/textarea><\/span><br \/>\n<\/label><label>Cantidad aproximada de demanda:(required)<br \/>\n<span class=\"wpcf7-form-control-wrap\" data-name=\"checkbox-349\"><span class=\"wpcf7-form-control wpcf7-checkbox\"><span class=\"wpcf7-list-item first\"><input type=\"checkbox\" name=\"checkbox-349[]\" value=\"below 100m\u00b2\" \/><span class=\"wpcf7-list-item-label\">below 100m\u00b2<\/span><\/span><span class=\"wpcf7-list-item\"><input type=\"checkbox\" name=\"checkbox-349[]\" value=\"100m\u00b2 - 500m\u00b2\" \/><span class=\"wpcf7-list-item-label\">100m\u00b2 - 500m\u00b2<\/span><\/span><span class=\"wpcf7-list-item\"><input type=\"checkbox\" name=\"checkbox-349[]\" value=\"500m\u00b2 - 1000m\u00b2\" \/><span class=\"wpcf7-list-item-label\">500m\u00b2 - 1000m\u00b2<\/span><\/span><span class=\"wpcf7-list-item last\"><input type=\"checkbox\" name=\"checkbox-349[]\" value=\"Above 1000m\u00b2\" \/><span class=\"wpcf7-list-item-label\">Above 1000m\u00b2<\/span><\/span><\/span><\/span><br \/>\n<span id=\"wpcf7-69e7b72b6f8ea-wrapper\" class=\"wpcf7-form-control-wrap honeypot-697-wrap\" style=\"display:none !important; visibility:hidden !important;\"><label for=\"wpcf7-69e7b72b6f8ea-field\" class=\"hp-message\">Please leave this field empty.<\/label><input id=\"wpcf7-69e7b72b6f8ea-field\"  class=\"wpcf7-form-control wpcf7-text\" type=\"text\" name=\"honeypot-697\" value=\"\" size=\"40\" tabindex=\"-1\" autocomplete=\"new-password\" \/><\/span><br \/>\n<input class=\"wpcf7-form-control wpcf7-submit has-spinner\" type=\"submit\" value=\"Send\" \/><\/label>\n<\/p><div class=\"wpcf7-response-output\" aria-hidden=\"true\"><\/div>\n<\/form>\n<\/div>\n<\/p>\n<\/div><\/div><\/div><\/div><\/div>","protected":false},"excerpt":{"rendered":"<p>Informaci\u00f3n del contacto Direcci\u00f3n de la oficina: Room 1401, No.177 Zheng Tong Road, Shanghai City, China Direcci\u00f3n de f\u00e1brica: Western [&hellip;]<\/p>\n","protected":false},"author":1,"featured_media":0,"parent":0,"menu_order":0,"comment_status":"closed","ping_status":"closed","template":"","meta":{"footnotes":""},"class_list":["post-376","page","type-page","status-publish","hentry"],"yoast_head":"<!-- This site is optimized with the Yoast SEO plugin v27.4 - https:\/\/yoast.com\/product\/yoast-seo-wordpress\/ -->\n<title>Contact - ACP Panel Manufacturer<\/title>\n<meta name=\"robots\" content=\"index, follow, max-snippet:-1, max-image-preview:large, max-video-preview:-1\" \/>\n<link rel=\"canonical\" href=\"https:\/\/www.alusignacm.com\/es\/contact\/\" \/>\n<meta property=\"og:locale\" content=\"en_GB\" \/>\n<meta property=\"og:type\" content=\"article\" \/>\n<meta property=\"og:title\" content=\"Contact - ACP Panel Manufacturer\" \/>\n<meta property=\"og:description\" content=\"Informaci\u00f3n del contacto Direcci\u00f3n de la oficina: Room 1401, No.177 Zheng Tong Road, Shanghai City, China Direcci\u00f3n de f\u00e1brica: Western [&hellip;]\" \/>\n<meta property=\"og:url\" content=\"https:\/\/www.alusignacm.com\/es\/contact\/\" \/>\n<meta property=\"og:site_name\" content=\"ACP Panel Manufacturer\" \/>\n<meta property=\"article:modified_time\" content=\"2024-07-15T02:28:08+00:00\" \/>\n<meta name=\"twitter:card\" content=\"summary_large_image\" \/>\n<meta name=\"twitter:label1\" content=\"Estimated reading time\" \/>\n\t<meta name=\"twitter:data1\" content=\"1 minute\" \/>\n<script type=\"application\/ld+json\" class=\"yoast-schema-graph\">{\"@context\":\"https:\\\/\\\/schema.org\",\"@graph\":[{\"@type\":\"WebPage\",\"@id\":\"https:\\\/\\\/www.alusignacm.com\\\/es\\\/contact\\\/\",\"url\":\"https:\\\/\\\/www.alusignacm.com\\\/es\\\/contact\\\/\",\"name\":\"Contact - ACP Panel Manufacturer\",\"isPartOf\":{\"@id\":\"https:\\\/\\\/www.alusignacm.com\\\/es\\\/#website\"},\"datePublished\":\"2018-06-05T22:17:02+00:00\",\"dateModified\":\"2024-07-15T02:28:08+00:00\",\"breadcrumb\":{\"@id\":\"https:\\\/\\\/www.alusignacm.com\\\/es\\\/contact\\\/#breadcrumb\"},\"inLanguage\":\"en-GB\",\"potentialAction\":[{\"@type\":\"ReadAction\",\"target\":[\"https:\\\/\\\/www.alusignacm.com\\\/es\\\/contact\\\/\"]}]},{\"@type\":\"BreadcrumbList\",\"@id\":\"https:\\\/\\\/www.alusignacm.com\\\/es\\\/contact\\\/#breadcrumb\",\"itemListElement\":[{\"@type\":\"ListItem\",\"position\":1,\"name\":\"Home\",\"item\":\"https:\\\/\\\/www.alusignacm.com\\\/es\\\/\"},{\"@type\":\"ListItem\",\"position\":2,\"name\":\"Contact\"}]},{\"@type\":\"WebSite\",\"@id\":\"https:\\\/\\\/www.alusignacm.com\\\/es\\\/#website\",\"url\":\"https:\\\/\\\/www.alusignacm.com\\\/es\\\/\",\"name\":\"ACP Panel Manufacturer\",\"description\":\"Leader of Aluminum Composite Panel Manufacturer\",\"publisher\":{\"@id\":\"https:\\\/\\\/www.alusignacm.com\\\/es\\\/#organization\"},\"potentialAction\":[{\"@type\":\"SearchAction\",\"target\":{\"@type\":\"EntryPoint\",\"urlTemplate\":\"https:\\\/\\\/www.alusignacm.com\\\/es\\\/?s={search_term_string}\"},\"query-input\":{\"@type\":\"PropertyValueSpecification\",\"valueRequired\":true,\"valueName\":\"search_term_string\"}}],\"inLanguage\":\"en-GB\"},{\"@type\":\"Organization\",\"@id\":\"https:\\\/\\\/www.alusignacm.com\\\/es\\\/#organization\",\"name\":\"ACP Panel Manufacturer\",\"url\":\"https:\\\/\\\/www.alusignacm.com\\\/es\\\/\",\"logo\":{\"@type\":\"ImageObject\",\"inLanguage\":\"en-GB\",\"@id\":\"https:\\\/\\\/www.alusignacm.com\\\/es\\\/#\\\/schema\\\/logo\\\/image\\\/\",\"url\":\"https:\\\/\\\/www.alusignacm.com\\\/es\\\/wp-content\\\/uploads\\\/2018\\\/06\\\/cropped-logo-2.jpg\",\"contentUrl\":\"https:\\\/\\\/www.alusignacm.com\\\/es\\\/wp-content\\\/uploads\\\/2018\\\/06\\\/cropped-logo-2.jpg\",\"width\":150,\"height\":50,\"caption\":\"ACP Panel Manufacturer\"},\"image\":{\"@id\":\"https:\\\/\\\/www.alusignacm.com\\\/es\\\/#\\\/schema\\\/logo\\\/image\\\/\"}}]}<\/script>\n<!-- \/ Yoast SEO plugin. -->","yoast_head_json":{"title":"Contact - ACP Panel Manufacturer","robots":{"index":"index","follow":"follow","max-snippet":"max-snippet:-1","max-image-preview":"max-image-preview:large","max-video-preview":"max-video-preview:-1"},"canonical":"https:\/\/www.alusignacm.com\/es\/contact\/","og_locale":"en_GB","og_type":"article","og_title":"Contact - ACP Panel Manufacturer","og_description":"Informaci\u00f3n del contacto Direcci\u00f3n de la oficina: Room 1401, No.177 Zheng Tong Road, Shanghai City, China Direcci\u00f3n de f\u00e1brica: Western [&hellip;]","og_url":"https:\/\/www.alusignacm.com\/es\/contact\/","og_site_name":"ACP Panel Manufacturer","article_modified_time":"2024-07-15T02:28:08+00:00","twitter_card":"summary_large_image","twitter_misc":{"Estimated reading time":"1 minute"},"schema":{"@context":"https:\/\/schema.org","@graph":[{"@type":"WebPage","@id":"https:\/\/www.alusignacm.com\/es\/contact\/","url":"https:\/\/www.alusignacm.com\/es\/contact\/","name":"Contact - ACP Panel Manufacturer","isPartOf":{"@id":"https:\/\/www.alusignacm.com\/es\/#website"},"datePublished":"2018-06-05T22:17:02+00:00","dateModified":"2024-07-15T02:28:08+00:00","breadcrumb":{"@id":"https:\/\/www.alusignacm.com\/es\/contact\/#breadcrumb"},"inLanguage":"en-GB","potentialAction":[{"@type":"ReadAction","target":["https:\/\/www.alusignacm.com\/es\/contact\/"]}]},{"@type":"BreadcrumbList","@id":"https:\/\/www.alusignacm.com\/es\/contact\/#breadcrumb","itemListElement":[{"@type":"ListItem","position":1,"name":"Home","item":"https:\/\/www.alusignacm.com\/es\/"},{"@type":"ListItem","position":2,"name":"Contact"}]},{"@type":"WebSite","@id":"https:\/\/www.alusignacm.com\/es\/#website","url":"https:\/\/www.alusignacm.com\/es\/","name":"ACP Panel Manufacturer","description":"Leader of Aluminum Composite Panel Manufacturer","publisher":{"@id":"https:\/\/www.alusignacm.com\/es\/#organization"},"potentialAction":[{"@type":"SearchAction","target":{"@type":"EntryPoint","urlTemplate":"https:\/\/www.alusignacm.com\/es\/?s={search_term_string}"},"query-input":{"@type":"PropertyValueSpecification","valueRequired":true,"valueName":"search_term_string"}}],"inLanguage":"en-GB"},{"@type":"Organization","@id":"https:\/\/www.alusignacm.com\/es\/#organization","name":"ACP Panel Manufacturer","url":"https:\/\/www.alusignacm.com\/es\/","logo":{"@type":"ImageObject","inLanguage":"en-GB","@id":"https:\/\/www.alusignacm.com\/es\/#\/schema\/logo\/image\/","url":"https:\/\/www.alusignacm.com\/es\/wp-content\/uploads\/2018\/06\/cropped-logo-2.jpg","contentUrl":"https:\/\/www.alusignacm.com\/es\/wp-content\/uploads\/2018\/06\/cropped-logo-2.jpg","width":150,"height":50,"caption":"ACP Panel Manufacturer"},"image":{"@id":"https:\/\/www.alusignacm.com\/es\/#\/schema\/logo\/image\/"}}]}},"_links":{"self":[{"href":"https:\/\/www.alusignacm.com\/es\/wp-json\/wp\/v2\/pages\/376","targetHints":{"allow":["GET"]}}],"collection":[{"href":"https:\/\/www.alusignacm.com\/es\/wp-json\/wp\/v2\/pages"}],"about":[{"href":"https:\/\/www.alusignacm.com\/es\/wp-json\/wp\/v2\/types\/page"}],"author":[{"embeddable":true,"href":"https:\/\/www.alusignacm.com\/es\/wp-json\/wp\/v2\/users\/1"}],"replies":[{"embeddable":true,"href":"https:\/\/www.alusignacm.com\/es\/wp-json\/wp\/v2\/comments?post=376"}],"version-history":[{"count":5,"href":"https:\/\/www.alusignacm.com\/es\/wp-json\/wp\/v2\/pages\/376\/revisions"}],"predecessor-version":[{"id":4085,"href":"https:\/\/www.alusignacm.com\/es\/wp-json\/wp\/v2\/pages\/376\/revisions\/4085"}],"wp:attachment":[{"href":"https:\/\/www.alusignacm.com\/es\/wp-json\/wp\/v2\/media?parent=376"}],"curies":[{"name":"wp","href":"https:\/\/api.w.org\/{rel}","templated":true}]}}