{"id":379,"date":"2018-06-06T06:17:54","date_gmt":"2018-06-05T22:17:54","guid":{"rendered":"http:\/\/www.alusignacm.com\/es\/?page_id=379"},"modified":"2018-11-07T15:29:14","modified_gmt":"2018-11-07T07:29:14","slug":"preguntas-mas-frecuentes","status":"publish","type":"page","link":"https:\/\/www.alusignacm.com\/es\/preguntas-mas-frecuentes\/","title":{"rendered":"Preguntas m\u00e1s frecuentes"},"content":{"rendered":"<div id=\"pl-379\"  class=\"panel-layout\" ><div id=\"pg-379-0\"  class=\"panel-grid panel-no-style\" ><div id=\"pgc-379-0-0\"  class=\"panel-grid-cell\" ><div id=\"panel-379-0-0-0\" class=\"so-panel widget widget_black-studio-tinymce widget_black_studio_tinymce panel-first-child panel-last-child\" data-index=\"0\" ><div class=\"textwidget\"><h2 class=\"widget-title\" style=\"text-align: center;\">PREGUNTAS FRECUENTES<\/h2>\n<p>Estimados clientes, nuestros clientes hacen con frecuencia las siguientes preguntas, las ponemos de la siguiente manera, si a\u00fan tiene alguna pregunta que no se haya respondido, cont\u00e1ctenos.<\/p>\n<\/div><\/div><\/div><\/div><div id=\"pg-379-1\"  class=\"panel-grid panel-no-style\" ><div id=\"pgc-379-1-0\"  class=\"panel-grid-cell\" ><div id=\"panel-379-1-0-0\" class=\"so-panel widget widget_black-studio-tinymce widget_black_studio_tinymce panel-first-child\" data-index=\"1\" ><div class=\"panel-widget-style panel-widget-style-for-379-1-0-0\" ><div class=\"textwidget\"><h5 class=\"widget-title\"><span style=\"color: #97c93c;\">1. \u00bfCu\u00e1les son sus horas de oficina?<\/span><\/h5>\n<\/div><\/div><\/div><div id=\"panel-379-1-0-1\" class=\"so-panel widget widget_black-studio-tinymce widget_black_studio_tinymce panel-last-child\" data-index=\"2\" ><div class=\"panel-widget-style panel-widget-style-for-379-1-0-1\" ><div class=\"textwidget\"><p class=\"widget-title\">Puede comunicarse con nosotros desde las 9:00 a.m. hasta las 9:00 p.m. GTM + 8, de lunes a viernes, excepto los fines de semana.<br \/>\nTel\u00e9fono: 0086-21-65665707 \/ 55897538\/55897083.<br \/>\nFax: 0086-21-55782655.<br \/>\nDurante nuestro tiempo libre, puede llamar a nuestro tel\u00e9fono las 24 horas. No.0086-13052302151.<\/p>\n<\/div><\/div><\/div><\/div><\/div><div id=\"pg-379-2\"  class=\"panel-grid panel-no-style\" ><div id=\"pgc-379-2-0\"  class=\"panel-grid-cell\" ><div id=\"panel-379-2-0-0\" class=\"so-panel widget widget_black-studio-tinymce widget_black_studio_tinymce panel-first-child\" data-index=\"3\" ><div class=\"panel-widget-style panel-widget-style-for-379-2-0-0\" ><div class=\"textwidget\"><h5 class=\"widget-title\"><span style=\"color: #97c93c;\">2. \u00bfQu\u00e9 tan pronto puedo obtener un presupuesto?<\/span><\/h5>\n<\/div><\/div><\/div><div id=\"panel-379-2-0-1\" class=\"so-panel widget widget_black-studio-tinymce widget_black_studio_tinymce panel-last-child\" data-index=\"4\" ><div class=\"panel-widget-style panel-widget-style-for-379-2-0-1\" ><div class=\"textwidget\"><p class=\"widget-title\">Una vez que conocemos el grosor del panel, el espesor del aluminio, las dimensiones, el requerimiento de pintura (revestimiento de PVDF o revestimiento de PE), podemos proporcionarle un precio competitivo dentro de las 24 horas.<\/p>\n<\/div><\/div><\/div><\/div><\/div><div id=\"pg-379-3\"  class=\"panel-grid panel-no-style\" ><div id=\"pgc-379-3-0\"  class=\"panel-grid-cell\" ><div id=\"panel-379-3-0-0\" class=\"so-panel widget widget_black-studio-tinymce widget_black_studio_tinymce panel-first-child\" data-index=\"5\" ><div class=\"panel-widget-style panel-widget-style-for-379-3-0-0\" ><div class=\"textwidget\"><h5 class=\"widget-title\"><span style=\"color: #97c93c;\">3. \u00bfPuedo obtener una muestra?<\/span><\/h5>\n<\/div><\/div><\/div><div id=\"panel-379-3-0-1\" class=\"so-panel widget widget_black-studio-tinymce widget_black_studio_tinymce panel-last-child\" data-index=\"6\" ><div class=\"panel-widget-style panel-widget-style-for-379-3-0-1\" ><div class=\"textwidget\"><p class=\"widget-title\">S\u00ed, las muestras son gratis para ti. Pero debe ofrecer una cuenta de mensajer\u00eda NO. para pagar la tarifa de env\u00edo de muestras. El env\u00edo de las muestras generalmente toma 3-5 d\u00edas.<\/p>\n<\/div><\/div><\/div><\/div><\/div><div id=\"pg-379-4\"  class=\"panel-grid panel-no-style\" ><div id=\"pgc-379-4-0\"  class=\"panel-grid-cell\" ><div id=\"panel-379-4-0-0\" class=\"so-panel widget widget_black-studio-tinymce widget_black_studio_tinymce panel-first-child\" data-index=\"7\" ><div class=\"panel-widget-style panel-widget-style-for-379-4-0-0\" ><div class=\"textwidget\"><h5 class=\"widget-title\"><span style=\"color: #97c93c;\">4. \u00bfC\u00f3mo puede mi orden producida por mi marca?<\/span><\/h5>\n<\/div><\/div><\/div><div id=\"panel-379-4-0-1\" class=\"so-panel widget widget_black-studio-tinymce widget_black_studio_tinymce panel-last-child\" data-index=\"8\" ><div class=\"panel-widget-style panel-widget-style-for-379-4-0-1\" ><div class=\"textwidget\"><p class=\"widget-title\">S\u00ed tu puedes. Pls ofrece su marca o dise\u00f1o de LOGO para nosotros, entonces podr\u00edamos producir todos los productos con su marca o LOGOTIPO. Si la cantidad de su pedido llega a dos contenedores, esta producci\u00f3n OEM es GRATIS para usted. Si la cantidad de su pedido no puede alcanzar dos contenedores, debe pagar USD500 adicionales por esta producci\u00f3n OEM.<\/p>\n<\/div><\/div><\/div><\/div><\/div><div id=\"pg-379-5\"  class=\"panel-grid panel-no-style\" ><div id=\"pgc-379-5-0\"  class=\"panel-grid-cell\" ><div id=\"panel-379-5-0-0\" class=\"so-panel widget widget_black-studio-tinymce widget_black_studio_tinymce panel-first-child\" data-index=\"9\" ><div class=\"panel-widget-style panel-widget-style-for-379-5-0-0\" ><div class=\"textwidget\"><h5><span style=\"color: #97c93c;\">5. \u00bfCu\u00e1l es su tiempo de entrega?<\/span><\/h5>\n<\/div><\/div><\/div><div id=\"panel-379-5-0-1\" class=\"so-panel widget widget_black-studio-tinymce widget_black_studio_tinymce panel-last-child\" data-index=\"10\" ><div class=\"panel-widget-style panel-widget-style-for-379-5-0-1\" ><div class=\"textwidget\"><p>Excepto nuestro feriado legal, nos tomar\u00e1 2 semanas terminar la producci\u00f3n de todos sus pedidos.<\/p>\n<\/div><\/div><\/div><\/div><\/div><div id=\"pg-379-6\"  class=\"panel-grid panel-no-style\" ><div id=\"pgc-379-6-0\"  class=\"panel-grid-cell\" ><div id=\"panel-379-6-0-0\" class=\"so-panel widget widget_black-studio-tinymce widget_black_studio_tinymce panel-first-child\" data-index=\"11\" ><div class=\"panel-widget-style panel-widget-style-for-379-6-0-0\" ><div class=\"textwidget\"><h5><span style=\"color: #97c93c;\">6. \u00bfHay un requisito de pedido m\u00ednimo?<\/span><\/h5>\n<\/div><\/div><\/div><div id=\"panel-379-6-0-1\" class=\"so-panel widget widget_black-studio-tinymce widget_black_studio_tinymce panel-last-child\" data-index=\"12\" ><div class=\"panel-widget-style panel-widget-style-for-379-6-0-1\" ><div class=\"textwidget\"><p>Debido al alto costo de configuraci\u00f3n de la m\u00e1quina y el env\u00edo de mercanc\u00edas, nuestra cantidad m\u00ednima de pedido es 500SQMS. Se recomienda que solicite un GP de 20 \"para reducir el precio unitario y el costo de env\u00edo.<\/p>\n<\/div><\/div><\/div><\/div><\/div><div id=\"pg-379-7\"  class=\"panel-grid panel-no-style\" ><div id=\"pgc-379-7-0\"  class=\"panel-grid-cell\" ><div id=\"panel-379-7-0-0\" class=\"so-panel widget widget_black-studio-tinymce widget_black_studio_tinymce panel-first-child\" data-index=\"13\" ><div class=\"panel-widget-style panel-widget-style-for-379-7-0-0\" ><div class=\"textwidget\"><h5><span style=\"color: #97c93c;\">7. \u00bfVende alg\u00fan producto relacionado que se use para instalar el panel compuesto de aluminio?<\/span><\/h5>\n<\/div><\/div><\/div><div id=\"panel-379-7-0-1\" class=\"so-panel widget widget_black-studio-tinymce widget_black_studio_tinymce panel-last-child\" data-index=\"14\" ><div class=\"panel-widget-style panel-widget-style-for-379-7-0-1\" ><div class=\"textwidget\"><p>S\u00ed tenemos. Vendemos todos los accesorios de instalaci\u00f3n para nuestro panel compuesto de aluminio. Hay: perfil de aluminio, tornillo, remache, barra de relleno de espuma, cinta de papel y silicona. Si est\u00e1 interesado en ellos, p\u00f3ngase en contacto con nosotros, le ofreceremos el precio m\u00e1s competitivo.<\/p>\n<\/div><\/div><\/div><\/div><\/div><div id=\"pg-379-8\"  class=\"panel-grid panel-no-style\" ><div id=\"pgc-379-8-0\"  class=\"panel-grid-cell\" ><div id=\"panel-379-8-0-0\" class=\"so-panel widget widget_black-studio-tinymce widget_black_studio_tinymce panel-first-child\" data-index=\"15\" ><div class=\"panel-widget-style panel-widget-style-for-379-8-0-0\" ><div class=\"textwidget\"><h5><span style=\"color: #97c93c;\">8. \u00bfCoincidir\u00e1 con los precios de los competidores?<\/span><\/h5>\n<\/div><\/div><\/div><div id=\"panel-379-8-0-1\" class=\"so-panel widget widget_black-studio-tinymce widget_black_studio_tinymce panel-last-child\" data-index=\"16\" ><div class=\"panel-widget-style panel-widget-style-for-379-8-0-1\" ><div class=\"textwidget\"><p>Si encuentra un precio m\u00e1s bajo en otro lugar para la misma especificaci\u00f3n exacta, alcanzaremos o superaremos ese precio siempre que sea un poco m\u00e1s alto que nuestro precio de costo.<\/p>\n<\/div><\/div><\/div><\/div><\/div><div id=\"pg-379-9\"  class=\"panel-grid panel-no-style\" ><div id=\"pgc-379-9-0\"  class=\"panel-grid-cell\" ><div id=\"panel-379-9-0-0\" class=\"so-panel widget widget_black-studio-tinymce widget_black_studio_tinymce panel-first-child\" data-index=\"17\" ><div class=\"panel-widget-style panel-widget-style-for-379-9-0-0\" ><div class=\"textwidget\"><h5><span style=\"color: #97c93c;\">9. \u00bfC\u00f3mo puedo saber que puedo confiar en usted para hacer el pedido de usted?<\/span><\/h5>\n<\/div><\/div><\/div><div id=\"panel-379-9-0-1\" class=\"so-panel widget widget_black-studio-tinymce widget_black_studio_tinymce panel-last-child\" data-index=\"18\" ><div class=\"panel-widget-style panel-widget-style-for-379-9-0-1\" ><div class=\"textwidget\"><p>ALUSIGN se estableci\u00f3 en 2004, nosotros, como miembro del Proveedor de confianza dorado de Alibaba y el fabricante auditado de Made-in-China, tenemos m\u00e1s clientes en m\u00e1s de 80 pa\u00edses diferentes de este mundo. De 2004 a 2013, todos los proyectos de ALUSIGN en todo el mundo pueden lograr que nuestros clientes se sientan 100% satisfechos.<\/p>\n<\/div><\/div><\/div><\/div><\/div><div id=\"pg-379-10\"  class=\"panel-grid panel-no-style\" ><div id=\"pgc-379-10-0\"  class=\"panel-grid-cell\" ><div id=\"panel-379-10-0-0\" class=\"so-panel widget widget_black-studio-tinymce widget_black_studio_tinymce panel-first-child\" data-index=\"19\" ><div class=\"panel-widget-style panel-widget-style-for-379-10-0-0\" ><div class=\"textwidget\"><h5><span style=\"color: #97c93c;\">10. \u00bfCu\u00e1les son sus condiciones de entrega?<\/span><\/h5>\n<\/div><\/div><\/div><div id=\"panel-379-10-0-1\" class=\"so-panel widget widget_black-studio-tinymce widget_black_studio_tinymce panel-last-child\" data-index=\"20\" ><div class=\"panel-widget-style panel-widget-style-for-379-10-0-1\" ><div class=\"textwidget\"><p>Aceptamos FOB, CIF, etc. Puede elegir el que sea m\u00e1s conveniente o rentable para usted.<\/p>\n<\/div><\/div><\/div><\/div><\/div><div id=\"pg-379-11\"  class=\"panel-grid panel-no-style\" ><div id=\"pgc-379-11-0\"  class=\"panel-grid-cell\" ><div id=\"panel-379-11-0-0\" class=\"so-panel widget widget_black-studio-tinymce widget_black_studio_tinymce panel-first-child\" data-index=\"21\" ><div class=\"panel-widget-style panel-widget-style-for-379-11-0-0\" ><div class=\"textwidget\"><h5><span style=\"color: #97c93c;\">11. \u00bfD\u00f3nde puedo encontrarlo cara a cara?<\/span><\/h5>\n<\/div><\/div><\/div><div id=\"panel-379-11-0-1\" class=\"so-panel widget widget_black-studio-tinymce widget_black_studio_tinymce panel-last-child\" data-index=\"22\" ><div class=\"panel-widget-style panel-widget-style-for-379-11-0-1\" ><div class=\"textwidget\"><p>R: Nuestro mercado internacional se encuentra en SHANGHAI, si viaja a Shanghai, puede visitar nuestra oficina en cualquier momento, podemos recogerlo desde su ubicaci\u00f3n en Shanghai.<br \/>\nB, nuestra f\u00e1brica es 2.5 horas lejos de Shanghai, invitamos a visitar nuestra f\u00e1brica antes de cooperar con nosotros.<br \/>\nC, asistiremos a China Spring Canton Fair y China Autumn Canton Fair todos los a\u00f1os, bienvenidos a visitar nuestro stand en ese momento. Y publicaremos nuestro n\u00famero de stand en www.jskrtpanels.en.alibaba.com antes de cada feria de Cant\u00f3n.<\/p>\n<\/div><\/div><\/div><\/div><\/div><div id=\"pg-379-12\"  class=\"panel-grid panel-no-style\" ><div id=\"pgc-379-12-0\"  class=\"panel-grid-cell\" ><div id=\"panel-379-12-0-0\" class=\"so-panel widget widget_black-studio-tinymce widget_black_studio_tinymce panel-first-child\" data-index=\"23\" ><div class=\"panel-widget-style panel-widget-style-for-379-12-0-0\" ><div class=\"textwidget\"><h5><span style=\"color: #97c93c;\">12. \u00bfC\u00f3mo puedo ser su \u00fanico agente en nuestro pa\u00eds?<\/span><\/h5>\n<\/div><\/div><\/div><div id=\"panel-379-12-0-1\" class=\"so-panel widget widget_black-studio-tinymce widget_black_studio_tinymce panel-last-child\" data-index=\"24\" ><div class=\"panel-widget-style panel-widget-style-for-379-12-0-1\" ><div class=\"textwidget\"><p>Bienvenido a convertirse en nuestro \u00fanico agente en primer lugar. De acuerdo con la demanda de diferentes pa\u00edses, si su cantidad de compra anual de nosotros puede llegar a 30000 a 80000 metros cuadrados, podr\u00eda ser nuestro \u00fanico agente en su pa\u00eds. Si desea conocer el requisito de cantidad exacta para cada pa\u00eds, por favor no dude en contactarnos en cualquier momento.<\/p>\n<\/div><\/div><\/div><\/div><\/div><\/div>","protected":false},"excerpt":{"rendered":"<p>PREGUNTAS FRECUENTES Estimados clientes, nuestros clientes hacen con frecuencia las siguientes preguntas, las ponemos de la siguiente manera, si a\u00fan [&hellip;]<\/p>\n","protected":false},"author":1,"featured_media":0,"parent":0,"menu_order":0,"comment_status":"closed","ping_status":"closed","template":"","meta":{"footnotes":""},"class_list":["post-379","page","type-page","status-publish","hentry"],"yoast_head":"<!-- This site is optimized with the Yoast SEO plugin v27.4 - https:\/\/yoast.com\/product\/yoast-seo-wordpress\/ -->\n<title>Preguntas m\u00e1s frecuentes - ACP Panel Manufacturer<\/title>\n<meta name=\"robots\" content=\"index, follow, max-snippet:-1, max-image-preview:large, max-video-preview:-1\" \/>\n<link rel=\"canonical\" href=\"https:\/\/www.alusignacm.com\/es\/preguntas-mas-frecuentes\/\" \/>\n<meta property=\"og:locale\" content=\"en_GB\" \/>\n<meta property=\"og:type\" content=\"article\" \/>\n<meta property=\"og:title\" content=\"Preguntas m\u00e1s frecuentes - ACP Panel Manufacturer\" \/>\n<meta property=\"og:description\" content=\"PREGUNTAS FRECUENTES Estimados clientes, nuestros clientes hacen con frecuencia las siguientes preguntas, las ponemos de la siguiente manera, si a\u00fan [&hellip;]\" \/>\n<meta property=\"og:url\" content=\"https:\/\/www.alusignacm.com\/es\/preguntas-mas-frecuentes\/\" \/>\n<meta property=\"og:site_name\" content=\"ACP Panel Manufacturer\" \/>\n<meta property=\"article:modified_time\" content=\"2018-11-07T07:29:14+00:00\" \/>\n<meta name=\"twitter:card\" content=\"summary_large_image\" \/>\n<meta name=\"twitter:label1\" content=\"Estimated reading time\" \/>\n\t<meta name=\"twitter:data1\" content=\"3 minutes\" \/>\n<script type=\"application\/ld+json\" class=\"yoast-schema-graph\">{\"@context\":\"https:\\\/\\\/schema.org\",\"@graph\":[{\"@type\":\"WebPage\",\"@id\":\"https:\\\/\\\/www.alusignacm.com\\\/es\\\/preguntas-mas-frecuentes\\\/\",\"url\":\"https:\\\/\\\/www.alusignacm.com\\\/es\\\/preguntas-mas-frecuentes\\\/\",\"name\":\"Preguntas m\u00e1s frecuentes - ACP Panel Manufacturer\",\"isPartOf\":{\"@id\":\"https:\\\/\\\/www.alusignacm.com\\\/es\\\/#website\"},\"datePublished\":\"2018-06-05T22:17:54+00:00\",\"dateModified\":\"2018-11-07T07:29:14+00:00\",\"breadcrumb\":{\"@id\":\"https:\\\/\\\/www.alusignacm.com\\\/es\\\/preguntas-mas-frecuentes\\\/#breadcrumb\"},\"inLanguage\":\"en-GB\",\"potentialAction\":[{\"@type\":\"ReadAction\",\"target\":[\"https:\\\/\\\/www.alusignacm.com\\\/es\\\/preguntas-mas-frecuentes\\\/\"]}]},{\"@type\":\"BreadcrumbList\",\"@id\":\"https:\\\/\\\/www.alusignacm.com\\\/es\\\/preguntas-mas-frecuentes\\\/#breadcrumb\",\"itemListElement\":[{\"@type\":\"ListItem\",\"position\":1,\"name\":\"Home\",\"item\":\"https:\\\/\\\/www.alusignacm.com\\\/es\\\/\"},{\"@type\":\"ListItem\",\"position\":2,\"name\":\"Preguntas m\u00e1s frecuentes\"}]},{\"@type\":\"WebSite\",\"@id\":\"https:\\\/\\\/www.alusignacm.com\\\/es\\\/#website\",\"url\":\"https:\\\/\\\/www.alusignacm.com\\\/es\\\/\",\"name\":\"ACP Panel Manufacturer\",\"description\":\"Leader of Aluminum Composite Panel Manufacturer\",\"publisher\":{\"@id\":\"https:\\\/\\\/www.alusignacm.com\\\/es\\\/#organization\"},\"potentialAction\":[{\"@type\":\"SearchAction\",\"target\":{\"@type\":\"EntryPoint\",\"urlTemplate\":\"https:\\\/\\\/www.alusignacm.com\\\/es\\\/?s={search_term_string}\"},\"query-input\":{\"@type\":\"PropertyValueSpecification\",\"valueRequired\":true,\"valueName\":\"search_term_string\"}}],\"inLanguage\":\"en-GB\"},{\"@type\":\"Organization\",\"@id\":\"https:\\\/\\\/www.alusignacm.com\\\/es\\\/#organization\",\"name\":\"ACP Panel Manufacturer\",\"url\":\"https:\\\/\\\/www.alusignacm.com\\\/es\\\/\",\"logo\":{\"@type\":\"ImageObject\",\"inLanguage\":\"en-GB\",\"@id\":\"https:\\\/\\\/www.alusignacm.com\\\/es\\\/#\\\/schema\\\/logo\\\/image\\\/\",\"url\":\"https:\\\/\\\/www.alusignacm.com\\\/es\\\/wp-content\\\/uploads\\\/2018\\\/06\\\/cropped-logo-2.jpg\",\"contentUrl\":\"https:\\\/\\\/www.alusignacm.com\\\/es\\\/wp-content\\\/uploads\\\/2018\\\/06\\\/cropped-logo-2.jpg\",\"width\":150,\"height\":50,\"caption\":\"ACP Panel Manufacturer\"},\"image\":{\"@id\":\"https:\\\/\\\/www.alusignacm.com\\\/es\\\/#\\\/schema\\\/logo\\\/image\\\/\"}}]}<\/script>\n<!-- \/ Yoast SEO plugin. -->","yoast_head_json":{"title":"Preguntas m\u00e1s frecuentes - ACP Panel Manufacturer","robots":{"index":"index","follow":"follow","max-snippet":"max-snippet:-1","max-image-preview":"max-image-preview:large","max-video-preview":"max-video-preview:-1"},"canonical":"https:\/\/www.alusignacm.com\/es\/preguntas-mas-frecuentes\/","og_locale":"en_GB","og_type":"article","og_title":"Preguntas m\u00e1s frecuentes - ACP Panel Manufacturer","og_description":"PREGUNTAS FRECUENTES Estimados clientes, nuestros clientes hacen con frecuencia las siguientes preguntas, las ponemos de la siguiente manera, si a\u00fan [&hellip;]","og_url":"https:\/\/www.alusignacm.com\/es\/preguntas-mas-frecuentes\/","og_site_name":"ACP Panel Manufacturer","article_modified_time":"2018-11-07T07:29:14+00:00","twitter_card":"summary_large_image","twitter_misc":{"Estimated reading time":"3 minutes"},"schema":{"@context":"https:\/\/schema.org","@graph":[{"@type":"WebPage","@id":"https:\/\/www.alusignacm.com\/es\/preguntas-mas-frecuentes\/","url":"https:\/\/www.alusignacm.com\/es\/preguntas-mas-frecuentes\/","name":"Preguntas m\u00e1s frecuentes - ACP Panel Manufacturer","isPartOf":{"@id":"https:\/\/www.alusignacm.com\/es\/#website"},"datePublished":"2018-06-05T22:17:54+00:00","dateModified":"2018-11-07T07:29:14+00:00","breadcrumb":{"@id":"https:\/\/www.alusignacm.com\/es\/preguntas-mas-frecuentes\/#breadcrumb"},"inLanguage":"en-GB","potentialAction":[{"@type":"ReadAction","target":["https:\/\/www.alusignacm.com\/es\/preguntas-mas-frecuentes\/"]}]},{"@type":"BreadcrumbList","@id":"https:\/\/www.alusignacm.com\/es\/preguntas-mas-frecuentes\/#breadcrumb","itemListElement":[{"@type":"ListItem","position":1,"name":"Home","item":"https:\/\/www.alusignacm.com\/es\/"},{"@type":"ListItem","position":2,"name":"Preguntas m\u00e1s frecuentes"}]},{"@type":"WebSite","@id":"https:\/\/www.alusignacm.com\/es\/#website","url":"https:\/\/www.alusignacm.com\/es\/","name":"ACP Panel Manufacturer","description":"Leader of Aluminum Composite Panel Manufacturer","publisher":{"@id":"https:\/\/www.alusignacm.com\/es\/#organization"},"potentialAction":[{"@type":"SearchAction","target":{"@type":"EntryPoint","urlTemplate":"https:\/\/www.alusignacm.com\/es\/?s={search_term_string}"},"query-input":{"@type":"PropertyValueSpecification","valueRequired":true,"valueName":"search_term_string"}}],"inLanguage":"en-GB"},{"@type":"Organization","@id":"https:\/\/www.alusignacm.com\/es\/#organization","name":"ACP Panel Manufacturer","url":"https:\/\/www.alusignacm.com\/es\/","logo":{"@type":"ImageObject","inLanguage":"en-GB","@id":"https:\/\/www.alusignacm.com\/es\/#\/schema\/logo\/image\/","url":"https:\/\/www.alusignacm.com\/es\/wp-content\/uploads\/2018\/06\/cropped-logo-2.jpg","contentUrl":"https:\/\/www.alusignacm.com\/es\/wp-content\/uploads\/2018\/06\/cropped-logo-2.jpg","width":150,"height":50,"caption":"ACP Panel Manufacturer"},"image":{"@id":"https:\/\/www.alusignacm.com\/es\/#\/schema\/logo\/image\/"}}]}},"_links":{"self":[{"href":"https:\/\/www.alusignacm.com\/es\/wp-json\/wp\/v2\/pages\/379","targetHints":{"allow":["GET"]}}],"collection":[{"href":"https:\/\/www.alusignacm.com\/es\/wp-json\/wp\/v2\/pages"}],"about":[{"href":"https:\/\/www.alusignacm.com\/es\/wp-json\/wp\/v2\/types\/page"}],"author":[{"embeddable":true,"href":"https:\/\/www.alusignacm.com\/es\/wp-json\/wp\/v2\/users\/1"}],"replies":[{"embeddable":true,"href":"https:\/\/www.alusignacm.com\/es\/wp-json\/wp\/v2\/comments?post=379"}],"version-history":[{"count":0,"href":"https:\/\/www.alusignacm.com\/es\/wp-json\/wp\/v2\/pages\/379\/revisions"}],"wp:attachment":[{"href":"https:\/\/www.alusignacm.com\/es\/wp-json\/wp\/v2\/media?parent=379"}],"curies":[{"name":"wp","href":"https:\/\/api.w.org\/{rel}","templated":true}]}}