{"id":388,"date":"2018-06-06T06:20:41","date_gmt":"2018-06-05T22:20:41","guid":{"rendered":"http:\/\/www.alusignacm.com\/es\/?page_id=388"},"modified":"2018-10-15T11:40:29","modified_gmt":"2018-10-15T03:40:29","slug":"product-knowledge","status":"publish","type":"page","link":"https:\/\/www.alusignacm.com\/es\/product-knowledge\/","title":{"rendered":"Product Knowledge"},"content":{"rendered":"<div id=\"pl-388\"  class=\"panel-layout\" ><div id=\"pg-388-0\"  class=\"panel-grid panel-has-style\" ><div class=\"siteorigin-panels-stretch panel-row-style panel-row-style-for-388-0\" data-stretch-type=\"full-stretched\" ><div id=\"pgc-388-0-0\"  class=\"panel-grid-cell\" ><div id=\"panel-388-0-0-0\" class=\"so-panel widget widget_themegrill_flash_image tg-widget tg-image-widget panel-first-child panel-last-child\" data-index=\"0\" >\t<img decoding=\"async\" src=\"http:\/\/www.alusignacm.com\/es\/wp-content\/uploads\/2018\/09\/banner122.jpg\" \/>\n<\/div><\/div><\/div><\/div><div id=\"pg-388-1\"  class=\"panel-grid panel-no-style\" ><div id=\"pgc-388-1-0\"  class=\"panel-grid-cell\" ><div id=\"panel-388-1-0-0\" class=\"so-panel widget widget_black-studio-tinymce widget_black_studio_tinymce panel-first-child panel-last-child\" data-index=\"1\" ><div class=\"panel-widget-style panel-widget-style-for-388-1-0-0\" ><div class=\"textwidget\"><p><strong>Los paneles compuestos de aluminio (ACP)<\/strong>, hechos de material compuesto de aluminio (ACM), son paneles planos que constan de dos l\u00e1minas de aluminio con recubrimiento de bobina delgado unidas a un n\u00facleo no de aluminio. Los ACP se utilizan con frecuencia para revestimientos exteriores o fachadas de edificios, aislamiento y se\u00f1alizaci\u00f3n.<\/p>\n<p>ACP se utiliza principalmente para revestimientos o tabiques arquitect\u00f3nicos externos e internos, techos falsos, se\u00f1alizaci\u00f3n, cubiertas de m\u00e1quinas, construcci\u00f3n de contenedores, etc. Las aplicaciones de ACP no est\u00e1n limitadas al revestimiento externo del edificio, sino que tambi\u00e9n se pueden usar en cualquier tipo de revestimiento, como particiones , techos falsos, etc. La ACP tambi\u00e9n se usa ampliamente en la industria de la se\u00f1alizaci\u00f3n como alternativa a los sustratos m\u00e1s pesados y caros.<\/p>\n<p><a href=\"http:\/\/www.alusignacm.com\/wp-content\/uploads\/2018\/05\/acp-panel.jpg\"><img loading=\"lazy\" decoding=\"async\" class=\"alignnone size-full wp-image-235\" src=\"http:\/\/www.alusignacm.com\/wp-content\/uploads\/2018\/05\/acp-panel.jpg\" alt=\"\" width=\"758\" height=\"322\" \/><\/a><\/p>\n<\/div><\/div><\/div><\/div><\/div><div id=\"pg-388-2\"  class=\"panel-grid panel-has-style\" ><div class=\"siteorigin-panels-stretch panel-row-style panel-row-style-for-388-2\" data-stretch-type=\"full-stretched\" ><div id=\"pgc-388-2-0\"  class=\"panel-grid-cell\" ><div id=\"panel-388-2-0-0\" class=\"so-panel widget widget_black-studio-tinymce widget_black_studio_tinymce panel-first-child panel-last-child\" data-index=\"2\" ><div class=\"textwidget\"><blockquote class=\"quote\">\n<h4 style=\"text-align: center;\"><em><span style=\"color: #97c93c;\">Quality means doing it right when no one is looking.<\/span><\/em><\/h4>\n<p style=\"text-align: center;\"><span style=\"color: #97c93c;\">-Henry Ford<\/span><\/p>\n<\/blockquote>\n<h2 class=\"heading-big\" style=\"text-align: center;\"><span style=\"color: #97c93c;\">We do that.<\/span><a class=\"fancybox\" href=\"#contact_from_pop\"><img loading=\"lazy\" decoding=\"async\" class=\"size-full wp-image-2270 aligncenter\" src=\"http:\/\/www.alusignacm.com\/es\/wp-content\/uploads\/2018\/09\/contact-us.png\" alt=\"\" width=\"278\" height=\"79\" \/><\/a><\/h2>\n<div class=\"fancybox-hidden\">\n<div id=\"contact_from_pop\" style=\"text-align: center;\">\n<div class=\"wpcf7 no-js\" id=\"wpcf7-f1045-o1\" lang=\"en-GB\" dir=\"ltr\" data-wpcf7-id=\"1045\">\n<div class=\"screen-reader-response\"><p role=\"status\" aria-live=\"polite\" aria-atomic=\"true\"><\/p> <ul><\/ul><\/div>\n<form action=\"\/es\/wp-json\/wp\/v2\/pages\/388#wpcf7-f1045-o1\" method=\"post\" class=\"wpcf7-form init\" aria-label=\"Contact form\" novalidate=\"novalidate\" data-status=\"init\">\n<fieldset class=\"hidden-fields-container\"><input type=\"hidden\" name=\"_wpcf7\" value=\"1045\" \/><input type=\"hidden\" name=\"_wpcf7_version\" value=\"6.1.5\" \/><input type=\"hidden\" name=\"_wpcf7_locale\" value=\"en_GB\" \/><input type=\"hidden\" name=\"_wpcf7_unit_tag\" value=\"wpcf7-f1045-o1\" \/><input type=\"hidden\" name=\"_wpcf7_container_post\" value=\"0\" \/><input type=\"hidden\" name=\"_wpcf7_posted_data_hash\" value=\"\" \/>\n<\/fieldset>\n<p><span class=\"wpcf7-form-control-wrap\" data-name=\"your-name\"><input size=\"40\" maxlength=\"400\" class=\"wpcf7-form-control wpcf7-text wpcf7-validates-as-required\" aria-required=\"true\" aria-invalid=\"false\" placeholder=\"Nombre\" value=\"\" type=\"text\" name=\"your-name\" \/><\/span>\n<\/p>\n<p><span class=\"wpcf7-form-control-wrap\" data-name=\"your-email\"><input size=\"40\" maxlength=\"400\" class=\"wpcf7-form-control wpcf7-email wpcf7-validates-as-required wpcf7-text wpcf7-validates-as-email\" aria-required=\"true\" aria-invalid=\"false\" placeholder=\"correo electr\u00f3nico\" value=\"\" type=\"email\" name=\"your-email\" \/><\/span>\n<\/p>\n<p><span class=\"wpcf7-form-control-wrap\" data-name=\"your-Phone\"><input size=\"40\" maxlength=\"400\" class=\"wpcf7-form-control wpcf7-text wpcf7-validates-as-required\" aria-required=\"true\" aria-invalid=\"false\" placeholder=\"Tel\u00e9fono\" value=\"\" type=\"text\" name=\"your-Phone\" \/><\/span>\n<\/p>\n<p><span class=\"wpcf7-form-control-wrap\" data-name=\"your-Country\"><input size=\"40\" maxlength=\"400\" class=\"wpcf7-form-control wpcf7-text wpcf7-validates-as-required\" aria-required=\"true\" aria-invalid=\"false\" placeholder=\"Pa\u00eds\" value=\"\" type=\"text\" name=\"your-Country\" \/><\/span>\n<\/p>\n<p><span class=\"wpcf7-form-control-wrap\" data-name=\"your-Inquiry\"><input size=\"40\" maxlength=\"400\" class=\"wpcf7-form-control wpcf7-text\" aria-invalid=\"false\" placeholder=\"Investigaci\u00f3n\" value=\"\" type=\"text\" name=\"your-Inquiry\" \/><\/span>\n<\/p>\n<p><label> Cantidad aproximada de demanda:<br \/>\n<span class=\"wpcf7-form-control-wrap\" data-name=\"Quantity\"><span class=\"wpcf7-form-control wpcf7-checkbox\"><span class=\"wpcf7-list-item first\"><input type=\"checkbox\" name=\"Quantity[]\" value=\"below 100m\u00b2\" \/><span class=\"wpcf7-list-item-label\">below 100m\u00b2<\/span><\/span><span class=\"wpcf7-list-item\"><input type=\"checkbox\" name=\"Quantity[]\" value=\"100m\u00b2 - 500m\u00b2\" \/><span class=\"wpcf7-list-item-label\">100m\u00b2 - 500m\u00b2<\/span><\/span><span class=\"wpcf7-list-item\"><input type=\"checkbox\" name=\"Quantity[]\" value=\"500m\u00b2 - 1000m\u00b2\" \/><span class=\"wpcf7-list-item-label\">500m\u00b2 - 1000m\u00b2<\/span><\/span><span class=\"wpcf7-list-item last\"><input type=\"checkbox\" name=\"Quantity[]\" value=\"Above 1000m\u00b2\" \/><span class=\"wpcf7-list-item-label\">Above 1000m\u00b2<\/span><\/span><\/span><\/span><br \/>\n<\/label><label><span class=\"wpcf7-form-control-wrap\" data-name=\"checkbox-256\"><span class=\"wpcf7-form-control wpcf7-checkbox\"><span class=\"wpcf7-list-item first last\"><input type=\"checkbox\" name=\"checkbox-256[]\" value=\"Por favor env\u00edeme la carta de colores Alusign\" \/><span class=\"wpcf7-list-item-label\">Por favor env\u00edeme la carta de colores Alusign<\/span><\/span><\/span><\/span><br \/>\n<span id=\"wpcf7-69d276d2967ba-wrapper\" class=\"wpcf7-form-control-wrap honeypot-30-wrap\" style=\"display:none !important; visibility:hidden !important;\"><label for=\"wpcf7-69d276d2967ba-field\" class=\"hp-message\">Please leave this field empty.<\/label><input id=\"wpcf7-69d276d2967ba-field\"  class=\"wpcf7-form-control wpcf7-text\" type=\"text\" name=\"honeypot-30\" value=\"\" size=\"40\" tabindex=\"-1\" autocomplete=\"new-password\" \/><\/span><br \/>\n&nbsp;<br \/>\n<input class=\"wpcf7-form-control wpcf7-submit has-spinner\" type=\"submit\" value=\"Send\" \/><br \/>\n&nbsp;<\/label>\n<\/p><div class=\"wpcf7-response-output\" aria-hidden=\"true\"><\/div>\n<\/form>\n<\/div>\n<\/div>\n<\/div>\n<\/div><\/div><\/div><\/div><\/div><div id=\"pg-388-3\"  class=\"panel-grid panel-has-style\" ><div class=\"panel-row-style panel-row-style-for-388-3\" ><div id=\"pgc-388-3-0\"  class=\"panel-grid-cell\" ><div id=\"panel-388-3-0-0\" class=\"so-panel widget widget_black-studio-tinymce widget_black_studio_tinymce panel-first-child panel-last-child\" data-index=\"3\" ><div class=\"textwidget\"><h3>Aseguramiento de la calidad - COMPROBACIONES DE 4 PUNTOS<\/h3>\n<hr \/>\n<p>SEGUIMOS LOS CHEQUES DE 4 PUNTOS EN NUESTRA F\u00c1BRICA PARA GARANTIZAR LA CALIDAD:<br \/>\n<strong>1. Comprobaci\u00f3n de las materias primas:<\/strong> tan pronto como las materias primas entran en las unidades de producci\u00f3n, se someten a pruebas en nuestros laboratorios para comprobar sus propiedades, y luego pasan a la tienda.<br \/>\n<strong>2. Verificaci\u00f3n en la etapa de fabricaci\u00f3n:<\/strong> en las diferentes etapas de fabricaci\u00f3n, se realizan pruebas para validar si se ha cumplido o no el prop\u00f3sito de una etapa en particular. Por ej. en la etapa de pretratamiento se verifica si se ha producido o no el desengrase, desoxidaci\u00f3n o cromatizaci\u00f3n de la bobina de aluminio.<br \/>\n<strong>3. Verificaci\u00f3n del producto:<\/strong> el producto as\u00ed fabricado, se somete a las pruebas m\u00e1s rigurosas de acuerdo con los est\u00e1ndares globales, pasando el cual califica para el despacho.<br \/>\n<strong>4. Comprobaci\u00f3n posterior a la producci\u00f3n:<\/strong> antes de su env\u00edo, se realiza una inspecci\u00f3n visual para verificar las tolerancias del producto y cualquier otro tipo de defecto de fabricaci\u00f3n.<\/p>\n<\/div><\/div><\/div><\/div><\/div><div id=\"pg-388-4\"  class=\"panel-grid panel-no-style\" ><div id=\"pgc-388-4-0\"  class=\"panel-grid-cell\" ><div id=\"panel-388-4-0-0\" class=\"so-panel widget widget_black-studio-tinymce widget_black_studio_tinymce panel-first-child panel-last-child\" data-index=\"4\" ><div class=\"panel-widget-style panel-widget-style-for-388-4-0-0\" ><div class=\"textwidget\"><h3>Alusign Garant\u00eda de calidad<\/h3>\n<hr \/>\n<p>En condiciones clim\u00e1ticas normales, la pintura en la superficie del panel compuesto de aluminio no se despegar\u00e1, se formar\u00e1 ampollas, grietas o tiza.<br \/>\nEl pelado de las placas y las ampollas no ocurrir\u00e1n bajo condiciones clim\u00e1ticas normales.<br \/>\nLa aberraci\u00f3n anormal del color no se ejecutar\u00e1 cuando la placa est\u00e9 expuesta a condiciones normales de radiaci\u00f3n o temperatura.<br \/>\nTodos los indicadores cumplen con los requisitos de las normas nacionales y las normas corporativas o los requisitos del contrato, de acuerdo con los m\u00e9todos de inspecci\u00f3n requeridos internacionalmente.<\/p>\n<\/div><\/div><\/div><\/div><\/div><div id=\"pg-388-5\"  class=\"panel-grid panel-no-style\" ><div id=\"pgc-388-5-0\"  class=\"panel-grid-cell\" ><div id=\"panel-388-5-0-0\" class=\"so-panel widget panel-first-child panel-last-child\" data-index=\"5\" ><div class=\"panel-widget-style panel-widget-style-for-388-5-0-0\" ><\/div><\/div><\/div><\/div><div id=\"pg-388-6\"  class=\"panel-grid panel-has-style\" ><div class=\"siteorigin-panels-stretch panel-row-style panel-row-style-for-388-6\" data-stretch-type=\"full\" ><div id=\"pgc-388-6-0\"  class=\"panel-grid-cell\" ><div id=\"panel-388-6-0-0\" class=\"so-panel widget widget_black-studio-tinymce widget_black_studio_tinymce panel-first-child\" data-index=\"6\" ><div class=\"flash_inherit_color panel-widget-style panel-widget-style-for-388-6-0-0\" ><div class=\"textwidget\"><h3>Acerca de Alusign ACP Supplier<\/h3>\n<hr \/>\n<p>Capacidad de producci\u00f3n: 600000SQM \/ Month<br \/>\nM\u00e1s Servicio: OEM, Muestras gratis (las muestras se enviar\u00e1n en un d\u00eda)<br \/>\nGarant\u00eda: ofrecemos 20 a\u00f1os de garant\u00eda para el panel compuesto de aluminio PVDF y 10 a\u00f1os de garant\u00eda para el recubrimiento PE<br \/>\nTratamiento superficial: Recubrimiento PVDF<br \/>\nT\u00e9rmino del pago: TT, LC a primera vista, D \/ P, Western Union, Paypal<\/p>\n<\/div><\/div><\/div><div id=\"panel-388-6-0-1\" class=\"so-panel widget widget_black-studio-tinymce widget_black_studio_tinymce panel-last-child\" data-index=\"7\" ><div class=\"textwidget\"><p><a href=\"http:\/\/www.alusignacm.com\/es\/wp-content\/uploads\/2018\/06\/20160422062248_633.jpg\"><img loading=\"lazy\" decoding=\"async\" class=\"alignnone wp-image-134\" src=\"http:\/\/www.alusignacm.com\/es\/wp-content\/uploads\/2018\/06\/20160422062248_633.jpg\" alt=\"\" width=\"132\" height=\"179\" srcset=\"https:\/\/www.alusignacm.com\/es\/wp-content\/uploads\/2018\/06\/20160422062248_633.jpg 700w, https:\/\/www.alusignacm.com\/es\/wp-content\/uploads\/2018\/06\/20160422062248_633-221x300.jpg 221w\" sizes=\"auto, (max-width: 132px) 100vw, 132px\" \/><\/a> <a href=\"http:\/\/www.alusignacm.com\/es\/wp-content\/uploads\/2018\/06\/20160422061847_993.jpg\"><img loading=\"lazy\" decoding=\"async\" class=\"alignnone wp-image-132\" src=\"http:\/\/www.alusignacm.com\/es\/wp-content\/uploads\/2018\/06\/20160422061847_993.jpg\" alt=\"\" width=\"122\" height=\"165\" srcset=\"https:\/\/www.alusignacm.com\/es\/wp-content\/uploads\/2018\/06\/20160422061847_993.jpg 700w, https:\/\/www.alusignacm.com\/es\/wp-content\/uploads\/2018\/06\/20160422061847_993-221x300.jpg 221w\" sizes=\"auto, (max-width: 122px) 100vw, 122px\" \/><\/a> <a href=\"http:\/\/www.alusignacm.com\/es\/wp-content\/uploads\/2018\/06\/20160422061819_625.jpg\"><img loading=\"lazy\" decoding=\"async\" class=\"alignnone wp-image-131\" src=\"http:\/\/www.alusignacm.com\/es\/wp-content\/uploads\/2018\/06\/20160422061819_625.jpg\" alt=\"\" width=\"122\" height=\"166\" srcset=\"https:\/\/www.alusignacm.com\/es\/wp-content\/uploads\/2018\/06\/20160422061819_625.jpg 700w, https:\/\/www.alusignacm.com\/es\/wp-content\/uploads\/2018\/06\/20160422061819_625-221x300.jpg 221w\" sizes=\"auto, (max-width: 122px) 100vw, 122px\" \/><\/a><\/p>\n<\/div><\/div><\/div><div id=\"pgc-388-6-1\"  class=\"panel-grid-cell\" ><div id=\"panel-388-6-1-0\" class=\"so-panel widget widget_black-studio-tinymce widget_black_studio_tinymce panel-first-child panel-last-child\" data-index=\"8\" ><div class=\"textwidget\"><p>\n<div class=\"wpcf7 no-js\" id=\"wpcf7-f2041-o2\" lang=\"en-GB\" dir=\"ltr\" data-wpcf7-id=\"2041\">\n<div class=\"screen-reader-response\"><p role=\"status\" aria-live=\"polite\" aria-atomic=\"true\"><\/p> <ul><\/ul><\/div>\n<form action=\"\/es\/wp-json\/wp\/v2\/pages\/388#wpcf7-f2041-o2\" method=\"post\" class=\"wpcf7-form init\" aria-label=\"Contact form\" novalidate=\"novalidate\" data-status=\"init\">\n<fieldset class=\"hidden-fields-container\"><input type=\"hidden\" name=\"_wpcf7\" value=\"2041\" \/><input type=\"hidden\" name=\"_wpcf7_version\" value=\"6.1.5\" \/><input type=\"hidden\" name=\"_wpcf7_locale\" value=\"en_GB\" \/><input type=\"hidden\" name=\"_wpcf7_unit_tag\" value=\"wpcf7-f2041-o2\" \/><input type=\"hidden\" name=\"_wpcf7_container_post\" value=\"0\" \/><input type=\"hidden\" name=\"_wpcf7_posted_data_hash\" value=\"\" \/>\n<\/fieldset>\n<h4><span style=\"color: #97c93c;\">Ask the Quate in less than 30 seconds! <\/span>\n<\/h4>\n<p><span class=\"wpcf7-form-control-wrap\" data-name=\"your-name\"><input size=\"40\" maxlength=\"400\" class=\"wpcf7-form-control wpcf7-text wpcf7-validates-as-required\" aria-required=\"true\" aria-invalid=\"false\" placeholder=\"Nombre\" value=\"\" type=\"text\" name=\"your-name\" \/><\/span>\n<\/p>\n<p><span class=\"wpcf7-form-control-wrap\" data-name=\"your-email\"><input size=\"40\" maxlength=\"400\" class=\"wpcf7-form-control wpcf7-email wpcf7-validates-as-required wpcf7-text wpcf7-validates-as-email\" aria-required=\"true\" aria-invalid=\"false\" placeholder=\"correo electr\u00f3nico\" value=\"\" type=\"email\" name=\"your-email\" \/><\/span>\n<\/p>\n<p><span class=\"wpcf7-form-control-wrap\" data-name=\"your-Phone\"><input size=\"40\" maxlength=\"400\" class=\"wpcf7-form-control wpcf7-text wpcf7-validates-as-required\" aria-required=\"true\" aria-invalid=\"false\" placeholder=\"Tel\u00e9fono\" value=\"\" type=\"text\" name=\"your-Phone\" \/><\/span>\n<\/p>\n<p><span class=\"wpcf7-form-control-wrap\" data-name=\"your-Inquiry\"><input size=\"40\" maxlength=\"400\" class=\"wpcf7-form-control wpcf7-text\" aria-invalid=\"false\" placeholder=\"Investigaci\u00f3n\" value=\"\" type=\"text\" name=\"your-Inquiry\" \/><\/span>\n<\/p>\n<p><span id=\"wpcf7-69d276d29be92-wrapper\" class=\"wpcf7-form-control-wrap honeypot-30-wrap\" style=\"display:none !important; visibility:hidden !important;\"><label for=\"wpcf7-69d276d29be92-field\" class=\"hp-message\">Please leave this field empty.<\/label><input id=\"wpcf7-69d276d29be92-field\"  class=\"wpcf7-form-control wpcf7-text\" type=\"text\" name=\"honeypot-30\" value=\"\" size=\"40\" tabindex=\"-1\" autocomplete=\"new-password\" \/><\/span><br \/>\n&nbsp;<br \/>\n<input class=\"wpcf7-form-control wpcf7-submit has-spinner\" type=\"submit\" value=\"Aak Quate Now\" \/><br \/>\n&nbsp;\n<\/p><div class=\"wpcf7-response-output\" aria-hidden=\"true\"><\/div>\n<\/form>\n<\/div>\n<\/p>\n<\/div><\/div><\/div><\/div><\/div><\/div>","protected":false},"excerpt":{"rendered":"<p>Los paneles compuestos de aluminio (ACP), hechos de material compuesto de aluminio (ACM), son paneles planos que constan de dos [&hellip;]<\/p>\n","protected":false},"author":1,"featured_media":0,"parent":0,"menu_order":0,"comment_status":"closed","ping_status":"closed","template":"","meta":{"footnotes":""},"class_list":["post-388","page","type-page","status-publish","hentry"],"yoast_head":"<!-- This site is optimized with the Yoast SEO plugin v27.3 - https:\/\/yoast.com\/product\/yoast-seo-wordpress\/ -->\n<title>Product Knowledge - ACP Panel Manufacturer<\/title>\n<meta name=\"robots\" content=\"index, follow, max-snippet:-1, max-image-preview:large, max-video-preview:-1\" \/>\n<link rel=\"canonical\" href=\"https:\/\/www.alusignacm.com\/es\/product-knowledge\/\" \/>\n<meta property=\"og:locale\" content=\"en_GB\" \/>\n<meta property=\"og:type\" content=\"article\" \/>\n<meta property=\"og:title\" content=\"Product Knowledge - ACP Panel Manufacturer\" \/>\n<meta property=\"og:description\" content=\"Los paneles compuestos de aluminio (ACP), hechos de material compuesto de aluminio (ACM), son paneles planos que constan de dos [&hellip;]\" \/>\n<meta property=\"og:url\" content=\"https:\/\/www.alusignacm.com\/es\/product-knowledge\/\" \/>\n<meta property=\"og:site_name\" content=\"ACP Panel Manufacturer\" \/>\n<meta property=\"article:modified_time\" content=\"2018-10-15T03:40:29+00:00\" \/>\n<meta property=\"og:image\" content=\"http:\/\/www.alusignacm.com\/wp-content\/uploads\/2018\/05\/acp-panel.jpg\" \/>\n<meta name=\"twitter:card\" content=\"summary_large_image\" \/>\n<meta name=\"twitter:label1\" content=\"Estimated reading time\" \/>\n\t<meta name=\"twitter:data1\" content=\"3 minutes\" \/>\n<script type=\"application\/ld+json\" class=\"yoast-schema-graph\">{\"@context\":\"https:\\\/\\\/schema.org\",\"@graph\":[{\"@type\":\"WebPage\",\"@id\":\"https:\\\/\\\/www.alusignacm.com\\\/es\\\/product-knowledge\\\/\",\"url\":\"https:\\\/\\\/www.alusignacm.com\\\/es\\\/product-knowledge\\\/\",\"name\":\"Product Knowledge - ACP Panel Manufacturer\",\"isPartOf\":{\"@id\":\"https:\\\/\\\/www.alusignacm.com\\\/es\\\/#website\"},\"primaryImageOfPage\":{\"@id\":\"https:\\\/\\\/www.alusignacm.com\\\/es\\\/product-knowledge\\\/#primaryimage\"},\"image\":{\"@id\":\"https:\\\/\\\/www.alusignacm.com\\\/es\\\/product-knowledge\\\/#primaryimage\"},\"thumbnailUrl\":\"http:\\\/\\\/www.alusignacm.com\\\/wp-content\\\/uploads\\\/2018\\\/05\\\/acp-panel.jpg\",\"datePublished\":\"2018-06-05T22:20:41+00:00\",\"dateModified\":\"2018-10-15T03:40:29+00:00\",\"breadcrumb\":{\"@id\":\"https:\\\/\\\/www.alusignacm.com\\\/es\\\/product-knowledge\\\/#breadcrumb\"},\"inLanguage\":\"en-GB\",\"potentialAction\":[{\"@type\":\"ReadAction\",\"target\":[\"https:\\\/\\\/www.alusignacm.com\\\/es\\\/product-knowledge\\\/\"]}]},{\"@type\":\"ImageObject\",\"inLanguage\":\"en-GB\",\"@id\":\"https:\\\/\\\/www.alusignacm.com\\\/es\\\/product-knowledge\\\/#primaryimage\",\"url\":\"http:\\\/\\\/www.alusignacm.com\\\/wp-content\\\/uploads\\\/2018\\\/05\\\/acp-panel.jpg\",\"contentUrl\":\"http:\\\/\\\/www.alusignacm.com\\\/wp-content\\\/uploads\\\/2018\\\/05\\\/acp-panel.jpg\"},{\"@type\":\"BreadcrumbList\",\"@id\":\"https:\\\/\\\/www.alusignacm.com\\\/es\\\/product-knowledge\\\/#breadcrumb\",\"itemListElement\":[{\"@type\":\"ListItem\",\"position\":1,\"name\":\"Home\",\"item\":\"https:\\\/\\\/www.alusignacm.com\\\/es\\\/\"},{\"@type\":\"ListItem\",\"position\":2,\"name\":\"Product Knowledge\"}]},{\"@type\":\"WebSite\",\"@id\":\"https:\\\/\\\/www.alusignacm.com\\\/es\\\/#website\",\"url\":\"https:\\\/\\\/www.alusignacm.com\\\/es\\\/\",\"name\":\"ACP Panel Manufacturer\",\"description\":\"Leader of Aluminum Composite Panel Manufacturer\",\"publisher\":{\"@id\":\"https:\\\/\\\/www.alusignacm.com\\\/es\\\/#organization\"},\"potentialAction\":[{\"@type\":\"SearchAction\",\"target\":{\"@type\":\"EntryPoint\",\"urlTemplate\":\"https:\\\/\\\/www.alusignacm.com\\\/es\\\/?s={search_term_string}\"},\"query-input\":{\"@type\":\"PropertyValueSpecification\",\"valueRequired\":true,\"valueName\":\"search_term_string\"}}],\"inLanguage\":\"en-GB\"},{\"@type\":\"Organization\",\"@id\":\"https:\\\/\\\/www.alusignacm.com\\\/es\\\/#organization\",\"name\":\"ACP Panel Manufacturer\",\"url\":\"https:\\\/\\\/www.alusignacm.com\\\/es\\\/\",\"logo\":{\"@type\":\"ImageObject\",\"inLanguage\":\"en-GB\",\"@id\":\"https:\\\/\\\/www.alusignacm.com\\\/es\\\/#\\\/schema\\\/logo\\\/image\\\/\",\"url\":\"https:\\\/\\\/www.alusignacm.com\\\/es\\\/wp-content\\\/uploads\\\/2018\\\/06\\\/cropped-logo-2.jpg\",\"contentUrl\":\"https:\\\/\\\/www.alusignacm.com\\\/es\\\/wp-content\\\/uploads\\\/2018\\\/06\\\/cropped-logo-2.jpg\",\"width\":150,\"height\":50,\"caption\":\"ACP Panel Manufacturer\"},\"image\":{\"@id\":\"https:\\\/\\\/www.alusignacm.com\\\/es\\\/#\\\/schema\\\/logo\\\/image\\\/\"}}]}<\/script>\n<!-- \/ Yoast SEO plugin. -->","yoast_head_json":{"title":"Product Knowledge - ACP Panel Manufacturer","robots":{"index":"index","follow":"follow","max-snippet":"max-snippet:-1","max-image-preview":"max-image-preview:large","max-video-preview":"max-video-preview:-1"},"canonical":"https:\/\/www.alusignacm.com\/es\/product-knowledge\/","og_locale":"en_GB","og_type":"article","og_title":"Product Knowledge - ACP Panel Manufacturer","og_description":"Los paneles compuestos de aluminio (ACP), hechos de material compuesto de aluminio (ACM), son paneles planos que constan de dos [&hellip;]","og_url":"https:\/\/www.alusignacm.com\/es\/product-knowledge\/","og_site_name":"ACP Panel Manufacturer","article_modified_time":"2018-10-15T03:40:29+00:00","og_image":[{"url":"http:\/\/www.alusignacm.com\/wp-content\/uploads\/2018\/05\/acp-panel.jpg","type":"","width":"","height":""}],"twitter_card":"summary_large_image","twitter_misc":{"Estimated reading time":"3 minutes"},"schema":{"@context":"https:\/\/schema.org","@graph":[{"@type":"WebPage","@id":"https:\/\/www.alusignacm.com\/es\/product-knowledge\/","url":"https:\/\/www.alusignacm.com\/es\/product-knowledge\/","name":"Product Knowledge - ACP Panel Manufacturer","isPartOf":{"@id":"https:\/\/www.alusignacm.com\/es\/#website"},"primaryImageOfPage":{"@id":"https:\/\/www.alusignacm.com\/es\/product-knowledge\/#primaryimage"},"image":{"@id":"https:\/\/www.alusignacm.com\/es\/product-knowledge\/#primaryimage"},"thumbnailUrl":"http:\/\/www.alusignacm.com\/wp-content\/uploads\/2018\/05\/acp-panel.jpg","datePublished":"2018-06-05T22:20:41+00:00","dateModified":"2018-10-15T03:40:29+00:00","breadcrumb":{"@id":"https:\/\/www.alusignacm.com\/es\/product-knowledge\/#breadcrumb"},"inLanguage":"en-GB","potentialAction":[{"@type":"ReadAction","target":["https:\/\/www.alusignacm.com\/es\/product-knowledge\/"]}]},{"@type":"ImageObject","inLanguage":"en-GB","@id":"https:\/\/www.alusignacm.com\/es\/product-knowledge\/#primaryimage","url":"http:\/\/www.alusignacm.com\/wp-content\/uploads\/2018\/05\/acp-panel.jpg","contentUrl":"http:\/\/www.alusignacm.com\/wp-content\/uploads\/2018\/05\/acp-panel.jpg"},{"@type":"BreadcrumbList","@id":"https:\/\/www.alusignacm.com\/es\/product-knowledge\/#breadcrumb","itemListElement":[{"@type":"ListItem","position":1,"name":"Home","item":"https:\/\/www.alusignacm.com\/es\/"},{"@type":"ListItem","position":2,"name":"Product Knowledge"}]},{"@type":"WebSite","@id":"https:\/\/www.alusignacm.com\/es\/#website","url":"https:\/\/www.alusignacm.com\/es\/","name":"ACP Panel Manufacturer","description":"Leader of Aluminum Composite Panel Manufacturer","publisher":{"@id":"https:\/\/www.alusignacm.com\/es\/#organization"},"potentialAction":[{"@type":"SearchAction","target":{"@type":"EntryPoint","urlTemplate":"https:\/\/www.alusignacm.com\/es\/?s={search_term_string}"},"query-input":{"@type":"PropertyValueSpecification","valueRequired":true,"valueName":"search_term_string"}}],"inLanguage":"en-GB"},{"@type":"Organization","@id":"https:\/\/www.alusignacm.com\/es\/#organization","name":"ACP Panel Manufacturer","url":"https:\/\/www.alusignacm.com\/es\/","logo":{"@type":"ImageObject","inLanguage":"en-GB","@id":"https:\/\/www.alusignacm.com\/es\/#\/schema\/logo\/image\/","url":"https:\/\/www.alusignacm.com\/es\/wp-content\/uploads\/2018\/06\/cropped-logo-2.jpg","contentUrl":"https:\/\/www.alusignacm.com\/es\/wp-content\/uploads\/2018\/06\/cropped-logo-2.jpg","width":150,"height":50,"caption":"ACP Panel Manufacturer"},"image":{"@id":"https:\/\/www.alusignacm.com\/es\/#\/schema\/logo\/image\/"}}]}},"_links":{"self":[{"href":"https:\/\/www.alusignacm.com\/es\/wp-json\/wp\/v2\/pages\/388","targetHints":{"allow":["GET"]}}],"collection":[{"href":"https:\/\/www.alusignacm.com\/es\/wp-json\/wp\/v2\/pages"}],"about":[{"href":"https:\/\/www.alusignacm.com\/es\/wp-json\/wp\/v2\/types\/page"}],"author":[{"embeddable":true,"href":"https:\/\/www.alusignacm.com\/es\/wp-json\/wp\/v2\/users\/1"}],"replies":[{"embeddable":true,"href":"https:\/\/www.alusignacm.com\/es\/wp-json\/wp\/v2\/comments?post=388"}],"version-history":[{"count":0,"href":"https:\/\/www.alusignacm.com\/es\/wp-json\/wp\/v2\/pages\/388\/revisions"}],"wp:attachment":[{"href":"https:\/\/www.alusignacm.com\/es\/wp-json\/wp\/v2\/media?parent=388"}],"curies":[{"name":"wp","href":"https:\/\/api.w.org\/{rel}","templated":true}]}}