{"id":394,"date":"2018-06-06T06:22:17","date_gmt":"2018-06-05T22:22:17","guid":{"rendered":"http:\/\/www.alusignacm.com\/es\/?page_id=394"},"modified":"2018-09-03T17:19:38","modified_gmt":"2018-09-03T09:19:38","slug":"sample-request","status":"publish","type":"page","link":"https:\/\/www.alusignacm.com\/es\/sample-request\/","title":{"rendered":"Sample Request"},"content":{"rendered":"<div id=\"pl-394\"  class=\"panel-layout\" ><div id=\"pg-394-0\"  class=\"panel-grid panel-no-style\" ><div id=\"pgc-394-0-0\"  class=\"panel-grid-cell\" ><div id=\"panel-394-0-0-0\" class=\"so-panel widget widget_black-studio-tinymce widget_black_studio_tinymce panel-first-child panel-last-child\" data-index=\"0\" ><div class=\"panel-widget-style panel-widget-style-for-394-0-0-0\" ><div class=\"textwidget\"><h3>Solicitud de muestra<\/h3>\n<hr \/>\n<p>Si desea solicitar muestras, complete el formulario a continuaci\u00f3n. Estamos encantados de enviarle muestras, ya sea que usted sea un arquitecto que est\u00e9 buscando opciones de dise\u00f1o o un constructor o instalador que desee cumplir con un contrato, estamos felices de brindarle muestras.<\/p>\n<p>\n<div class=\"wpcf7 no-js\" id=\"wpcf7-f708-o1\" lang=\"en-GB\" dir=\"ltr\" data-wpcf7-id=\"708\">\n<div class=\"screen-reader-response\"><p role=\"status\" aria-live=\"polite\" aria-atomic=\"true\"><\/p> <ul><\/ul><\/div>\n<form action=\"\/es\/wp-json\/wp\/v2\/pages\/394#wpcf7-f708-o1\" method=\"post\" class=\"wpcf7-form init\" aria-label=\"Contact form\" novalidate=\"novalidate\" data-status=\"init\">\n<fieldset class=\"hidden-fields-container\"><input type=\"hidden\" name=\"_wpcf7\" value=\"708\" \/><input type=\"hidden\" name=\"_wpcf7_version\" value=\"6.1.5\" \/><input type=\"hidden\" name=\"_wpcf7_locale\" value=\"en_GB\" \/><input type=\"hidden\" name=\"_wpcf7_unit_tag\" value=\"wpcf7-f708-o1\" \/><input type=\"hidden\" name=\"_wpcf7_container_post\" value=\"0\" \/><input type=\"hidden\" name=\"_wpcf7_posted_data_hash\" value=\"\" \/>\n<\/fieldset>\n<p><label> Your Name (required)<br \/>\n<span class=\"wpcf7-form-control-wrap\" data-name=\"your-name\"><input size=\"40\" maxlength=\"400\" class=\"wpcf7-form-control wpcf7-text wpcf7-validates-as-required\" aria-required=\"true\" aria-invalid=\"false\" value=\"\" type=\"text\" name=\"your-name\" \/><\/span> <\/label>\n<\/p>\n<p><label> Your Email (required)<br \/>\n<span class=\"wpcf7-form-control-wrap\" data-name=\"your-email\"><input size=\"40\" maxlength=\"400\" class=\"wpcf7-form-control wpcf7-email wpcf7-validates-as-required wpcf7-text wpcf7-validates-as-email\" aria-required=\"true\" aria-invalid=\"false\" value=\"\" type=\"email\" name=\"your-email\" \/><\/span> <\/label>\n<\/p>\n<p><label> Your Number (required)<br \/>\n<span class=\"wpcf7-form-control-wrap\" data-name=\"your-number\"><input size=\"40\" maxlength=\"400\" class=\"wpcf7-form-control wpcf7-text wpcf7-validates-as-required\" aria-required=\"true\" aria-invalid=\"false\" value=\"\" type=\"text\" name=\"your-number\" \/><\/span> <\/label>\n<\/p>\n<p><label> Your Country (required)<br \/>\n<span class=\"wpcf7-form-control-wrap\" data-name=\"your-country\"><input size=\"40\" maxlength=\"400\" class=\"wpcf7-form-control wpcf7-text wpcf7-validates-as-required\" aria-required=\"true\" aria-invalid=\"false\" value=\"\" type=\"text\" name=\"your-country\" \/><\/span> <\/label>\n<\/p>\n<p><label> Your Company Name (required)<br \/>\n<span class=\"wpcf7-form-control-wrap\" data-name=\"your-company\"><input size=\"40\" maxlength=\"400\" class=\"wpcf7-form-control wpcf7-text wpcf7-validates-as-required\" aria-required=\"true\" aria-invalid=\"false\" value=\"\" type=\"text\" name=\"your-company\" \/><\/span> <\/label>\n<\/p>\n<p><label>Approx Quantity Demand:(required)<br \/>\n<span class=\"wpcf7-form-control-wrap\" data-name=\"checkbox-349\"><span class=\"wpcf7-form-control wpcf7-checkbox\"><span class=\"wpcf7-list-item first\"><input type=\"checkbox\" name=\"checkbox-349[]\" value=\"below 100m\u00b2\" \/><span class=\"wpcf7-list-item-label\">below 100m\u00b2<\/span><\/span><span class=\"wpcf7-list-item\"><input type=\"checkbox\" name=\"checkbox-349[]\" value=\"100m\u00b2 - 500m\u00b2\" \/><span class=\"wpcf7-list-item-label\">100m\u00b2 - 500m\u00b2<\/span><\/span><span class=\"wpcf7-list-item\"><input type=\"checkbox\" name=\"checkbox-349[]\" value=\"500m\u00b2 - 1000m\u00b2\" \/><span class=\"wpcf7-list-item-label\">500m\u00b2 - 1000m\u00b2<\/span><\/span><span class=\"wpcf7-list-item last\"><input type=\"checkbox\" name=\"checkbox-349[]\" value=\"Above 1000m\u00b2\" \/><span class=\"wpcf7-list-item-label\">Above 1000m\u00b2<\/span><\/span><\/span><\/span><br \/>\n<span id=\"wpcf7-69e7b4e434fdd-wrapper\" class=\"wpcf7-form-control-wrap honeypot-139-wrap\" style=\"display:none !important; visibility:hidden !important;\"><label for=\"wpcf7-69e7b4e434fdd-field\" class=\"hp-message\">Please leave this field empty.<\/label><input id=\"wpcf7-69e7b4e434fdd-field\"  class=\"wpcf7-form-control wpcf7-text\" type=\"text\" name=\"honeypot-139\" value=\"\" size=\"40\" tabindex=\"-1\" autocomplete=\"new-password\" \/><\/span><br \/>\n<\/label><label> Your Message<br \/>\n<span class=\"wpcf7-form-control-wrap\" data-name=\"your-message\"><textarea cols=\"40\" rows=\"10\" maxlength=\"2000\" class=\"wpcf7-form-control wpcf7-textarea\" aria-invalid=\"false\" name=\"your-message\"><\/textarea><\/span><br \/>\n<input class=\"wpcf7-form-control wpcf7-submit has-spinner\" type=\"submit\" value=\"Send\" \/><\/label>\n<\/p><div class=\"wpcf7-response-output\" aria-hidden=\"true\"><\/div>\n<\/form>\n<\/div>\n<\/p>\n<p>&nbsp;<\/p>\n<\/div><\/div><\/div><\/div><\/div><\/div>","protected":false},"excerpt":{"rendered":"<p>Solicitud de muestra Si desea solicitar muestras, complete el formulario a continuaci\u00f3n. Estamos encantados de enviarle muestras, ya sea que [&hellip;]<\/p>\n","protected":false},"author":1,"featured_media":0,"parent":0,"menu_order":0,"comment_status":"closed","ping_status":"closed","template":"","meta":{"footnotes":""},"class_list":["post-394","page","type-page","status-publish","hentry"],"yoast_head":"<!-- This site is optimized with the Yoast SEO plugin v27.4 - https:\/\/yoast.com\/product\/yoast-seo-wordpress\/ -->\n<title>Sample Request - ACP Panel Manufacturer<\/title>\n<meta name=\"robots\" content=\"index, follow, max-snippet:-1, max-image-preview:large, max-video-preview:-1\" \/>\n<link rel=\"canonical\" href=\"https:\/\/www.alusignacm.com\/es\/sample-request\/\" \/>\n<meta property=\"og:locale\" content=\"en_GB\" \/>\n<meta property=\"og:type\" content=\"article\" \/>\n<meta property=\"og:title\" content=\"Sample Request - ACP Panel Manufacturer\" \/>\n<meta property=\"og:description\" content=\"Solicitud de muestra Si desea solicitar muestras, complete el formulario a continuaci\u00f3n. Estamos encantados de enviarle muestras, ya sea que [&hellip;]\" \/>\n<meta property=\"og:url\" content=\"https:\/\/www.alusignacm.com\/es\/sample-request\/\" \/>\n<meta property=\"og:site_name\" content=\"ACP Panel Manufacturer\" \/>\n<meta property=\"article:modified_time\" content=\"2018-09-03T09:19:38+00:00\" \/>\n<meta name=\"twitter:card\" content=\"summary_large_image\" \/>\n<script type=\"application\/ld+json\" class=\"yoast-schema-graph\">{\"@context\":\"https:\\\/\\\/schema.org\",\"@graph\":[{\"@type\":\"WebPage\",\"@id\":\"https:\\\/\\\/www.alusignacm.com\\\/es\\\/sample-request\\\/\",\"url\":\"https:\\\/\\\/www.alusignacm.com\\\/es\\\/sample-request\\\/\",\"name\":\"Sample Request - ACP Panel Manufacturer\",\"isPartOf\":{\"@id\":\"https:\\\/\\\/www.alusignacm.com\\\/es\\\/#website\"},\"datePublished\":\"2018-06-05T22:22:17+00:00\",\"dateModified\":\"2018-09-03T09:19:38+00:00\",\"breadcrumb\":{\"@id\":\"https:\\\/\\\/www.alusignacm.com\\\/es\\\/sample-request\\\/#breadcrumb\"},\"inLanguage\":\"en-GB\",\"potentialAction\":[{\"@type\":\"ReadAction\",\"target\":[\"https:\\\/\\\/www.alusignacm.com\\\/es\\\/sample-request\\\/\"]}]},{\"@type\":\"BreadcrumbList\",\"@id\":\"https:\\\/\\\/www.alusignacm.com\\\/es\\\/sample-request\\\/#breadcrumb\",\"itemListElement\":[{\"@type\":\"ListItem\",\"position\":1,\"name\":\"Home\",\"item\":\"https:\\\/\\\/www.alusignacm.com\\\/es\\\/\"},{\"@type\":\"ListItem\",\"position\":2,\"name\":\"Sample Request\"}]},{\"@type\":\"WebSite\",\"@id\":\"https:\\\/\\\/www.alusignacm.com\\\/es\\\/#website\",\"url\":\"https:\\\/\\\/www.alusignacm.com\\\/es\\\/\",\"name\":\"ACP Panel Manufacturer\",\"description\":\"Leader of Aluminum Composite Panel Manufacturer\",\"publisher\":{\"@id\":\"https:\\\/\\\/www.alusignacm.com\\\/es\\\/#organization\"},\"potentialAction\":[{\"@type\":\"SearchAction\",\"target\":{\"@type\":\"EntryPoint\",\"urlTemplate\":\"https:\\\/\\\/www.alusignacm.com\\\/es\\\/?s={search_term_string}\"},\"query-input\":{\"@type\":\"PropertyValueSpecification\",\"valueRequired\":true,\"valueName\":\"search_term_string\"}}],\"inLanguage\":\"en-GB\"},{\"@type\":\"Organization\",\"@id\":\"https:\\\/\\\/www.alusignacm.com\\\/es\\\/#organization\",\"name\":\"ACP Panel Manufacturer\",\"url\":\"https:\\\/\\\/www.alusignacm.com\\\/es\\\/\",\"logo\":{\"@type\":\"ImageObject\",\"inLanguage\":\"en-GB\",\"@id\":\"https:\\\/\\\/www.alusignacm.com\\\/es\\\/#\\\/schema\\\/logo\\\/image\\\/\",\"url\":\"https:\\\/\\\/www.alusignacm.com\\\/es\\\/wp-content\\\/uploads\\\/2018\\\/06\\\/cropped-logo-2.jpg\",\"contentUrl\":\"https:\\\/\\\/www.alusignacm.com\\\/es\\\/wp-content\\\/uploads\\\/2018\\\/06\\\/cropped-logo-2.jpg\",\"width\":150,\"height\":50,\"caption\":\"ACP Panel Manufacturer\"},\"image\":{\"@id\":\"https:\\\/\\\/www.alusignacm.com\\\/es\\\/#\\\/schema\\\/logo\\\/image\\\/\"}}]}<\/script>\n<!-- \/ Yoast SEO plugin. -->","yoast_head_json":{"title":"Sample Request - ACP Panel Manufacturer","robots":{"index":"index","follow":"follow","max-snippet":"max-snippet:-1","max-image-preview":"max-image-preview:large","max-video-preview":"max-video-preview:-1"},"canonical":"https:\/\/www.alusignacm.com\/es\/sample-request\/","og_locale":"en_GB","og_type":"article","og_title":"Sample Request - ACP Panel Manufacturer","og_description":"Solicitud de muestra Si desea solicitar muestras, complete el formulario a continuaci\u00f3n. Estamos encantados de enviarle muestras, ya sea que [&hellip;]","og_url":"https:\/\/www.alusignacm.com\/es\/sample-request\/","og_site_name":"ACP Panel Manufacturer","article_modified_time":"2018-09-03T09:19:38+00:00","twitter_card":"summary_large_image","schema":{"@context":"https:\/\/schema.org","@graph":[{"@type":"WebPage","@id":"https:\/\/www.alusignacm.com\/es\/sample-request\/","url":"https:\/\/www.alusignacm.com\/es\/sample-request\/","name":"Sample Request - ACP Panel Manufacturer","isPartOf":{"@id":"https:\/\/www.alusignacm.com\/es\/#website"},"datePublished":"2018-06-05T22:22:17+00:00","dateModified":"2018-09-03T09:19:38+00:00","breadcrumb":{"@id":"https:\/\/www.alusignacm.com\/es\/sample-request\/#breadcrumb"},"inLanguage":"en-GB","potentialAction":[{"@type":"ReadAction","target":["https:\/\/www.alusignacm.com\/es\/sample-request\/"]}]},{"@type":"BreadcrumbList","@id":"https:\/\/www.alusignacm.com\/es\/sample-request\/#breadcrumb","itemListElement":[{"@type":"ListItem","position":1,"name":"Home","item":"https:\/\/www.alusignacm.com\/es\/"},{"@type":"ListItem","position":2,"name":"Sample Request"}]},{"@type":"WebSite","@id":"https:\/\/www.alusignacm.com\/es\/#website","url":"https:\/\/www.alusignacm.com\/es\/","name":"ACP Panel Manufacturer","description":"Leader of Aluminum Composite Panel Manufacturer","publisher":{"@id":"https:\/\/www.alusignacm.com\/es\/#organization"},"potentialAction":[{"@type":"SearchAction","target":{"@type":"EntryPoint","urlTemplate":"https:\/\/www.alusignacm.com\/es\/?s={search_term_string}"},"query-input":{"@type":"PropertyValueSpecification","valueRequired":true,"valueName":"search_term_string"}}],"inLanguage":"en-GB"},{"@type":"Organization","@id":"https:\/\/www.alusignacm.com\/es\/#organization","name":"ACP Panel Manufacturer","url":"https:\/\/www.alusignacm.com\/es\/","logo":{"@type":"ImageObject","inLanguage":"en-GB","@id":"https:\/\/www.alusignacm.com\/es\/#\/schema\/logo\/image\/","url":"https:\/\/www.alusignacm.com\/es\/wp-content\/uploads\/2018\/06\/cropped-logo-2.jpg","contentUrl":"https:\/\/www.alusignacm.com\/es\/wp-content\/uploads\/2018\/06\/cropped-logo-2.jpg","width":150,"height":50,"caption":"ACP Panel Manufacturer"},"image":{"@id":"https:\/\/www.alusignacm.com\/es\/#\/schema\/logo\/image\/"}}]}},"_links":{"self":[{"href":"https:\/\/www.alusignacm.com\/es\/wp-json\/wp\/v2\/pages\/394","targetHints":{"allow":["GET"]}}],"collection":[{"href":"https:\/\/www.alusignacm.com\/es\/wp-json\/wp\/v2\/pages"}],"about":[{"href":"https:\/\/www.alusignacm.com\/es\/wp-json\/wp\/v2\/types\/page"}],"author":[{"embeddable":true,"href":"https:\/\/www.alusignacm.com\/es\/wp-json\/wp\/v2\/users\/1"}],"replies":[{"embeddable":true,"href":"https:\/\/www.alusignacm.com\/es\/wp-json\/wp\/v2\/comments?post=394"}],"version-history":[{"count":0,"href":"https:\/\/www.alusignacm.com\/es\/wp-json\/wp\/v2\/pages\/394\/revisions"}],"wp:attachment":[{"href":"https:\/\/www.alusignacm.com\/es\/wp-json\/wp\/v2\/media?parent=394"}],"curies":[{"name":"wp","href":"https:\/\/api.w.org\/{rel}","templated":true}]}}