{"id":397,"date":"2018-06-06T06:23:20","date_gmt":"2018-06-05T22:23:20","guid":{"rendered":"http:\/\/www.alusignacm.com\/es\/?page_id=397"},"modified":"2018-11-07T15:31:36","modified_gmt":"2018-11-07T07:31:36","slug":"servicio-de-alusign","status":"publish","type":"page","link":"https:\/\/www.alusignacm.com\/es\/servicio-de-alusign\/","title":{"rendered":"Servicio de Alusign"},"content":{"rendered":"<div id=\"pl-397\"  class=\"panel-layout\" ><div id=\"pg-397-0\"  class=\"panel-grid panel-no-style\" ><div id=\"pgc-397-0-0\"  class=\"panel-grid-cell\" ><div id=\"panel-397-0-0-0\" class=\"so-panel widget widget_black-studio-tinymce widget_black_studio_tinymce panel-first-child panel-last-child\" data-index=\"0\" ><div class=\"textwidget\"><p>Como fabricante l\u00edder mundial de paneles compuestos de aluminio, sabemos que el valor y la confianza son los ingredientes de una relaci\u00f3n de calidad, y que se valoran m\u00e1s que un solo pedido.<\/p>\n<\/div><\/div><\/div><\/div><div id=\"pg-397-1\"  class=\"panel-grid panel-no-style\" ><div id=\"pgc-397-1-0\"  class=\"panel-grid-cell\" ><div id=\"panel-397-1-0-0\" class=\"so-panel widget widget_black-studio-tinymce widget_black_studio_tinymce panel-first-child panel-last-child\" data-index=\"1\" ><div class=\"textwidget\"><ul>\n<li>\n<h5><span style=\"color: #97c93c;\">Acercamiento directo<\/span><\/h5>\n<\/li>\n<li>\n<h5><span style=\"color: #97c93c;\">Muestra gratis<\/span><\/h5>\n<\/li>\n<li>\n<h5><span style=\"color: #97c93c;\">Servicio en l\u00ednea las 24 horas<\/span><\/h5>\n<\/li>\n<\/ul>\n<\/div><\/div><\/div><div id=\"pgc-397-1-1\"  class=\"panel-grid-cell\" ><div id=\"panel-397-1-1-0\" class=\"so-panel widget widget_black-studio-tinymce widget_black_studio_tinymce panel-first-child panel-last-child\" data-index=\"2\" ><div class=\"textwidget\"><ul>\n<li>\n<h5><span style=\"color: #97c93c;\">Entrega r\u00e1pida<\/span><\/h5>\n<\/li>\n<li>\n<h5><span style=\"color: #97c93c;\">Honestidad e integridad<\/span><\/h5>\n<\/li>\n<li>\n<h5><span style=\"color: #97c93c;\">Soporte completo<\/span><\/h5>\n<\/li>\n<\/ul>\n<\/div><\/div><\/div><\/div><div id=\"pg-397-2\"  class=\"panel-grid panel-no-style\" ><div id=\"pgc-397-2-0\"  class=\"panel-grid-cell\" ><div id=\"panel-397-2-0-0\" class=\"so-panel widget widget_black-studio-tinymce widget_black_studio_tinymce panel-first-child panel-last-child\" data-index=\"3\" ><div class=\"textwidget\"><h3>Direct Approach<\/h3>\n<hr \/>\n<p>Nuestros ingenieros de ventas capacitados tienen un amplio conocimiento del producto del panel compuesto de aluminio junto con la experiencia de la industria. Esta experiencia y especializaci\u00f3n permite que la soluci\u00f3n m\u00e1s eficiente sea recomendada r\u00e1pidamente a los clientes, ahorrando un tiempo invaluable.<\/p>\n<\/div><\/div><\/div><\/div><div id=\"pg-397-3\"  class=\"panel-grid panel-no-style\" ><div id=\"pgc-397-3-0\"  class=\"panel-grid-cell\" ><div id=\"panel-397-3-0-0\" class=\"so-panel widget widget_black-studio-tinymce widget_black_studio_tinymce panel-first-child panel-last-child\" data-index=\"4\" ><div class=\"panel-widget-style panel-widget-style-for-397-3-0-0\" ><div class=\"textwidget\"><h3>Muestra gratis<\/h3>\n<hr \/>\n<p>Si le preocupan el color, las caracter\u00edsticas u otra cosa, no se preocupe m\u00e1s por esto, porque podemos brindarle el mejor servicio de muestreo, solo tiene que completar el formulario de solicitud de muestra y lo organizaremos en 24 horas<\/p>\n<\/div><\/div><\/div><\/div><\/div><div id=\"pg-397-4\"  class=\"panel-grid panel-no-style\" ><div id=\"pgc-397-4-0\"  class=\"panel-grid-cell\" ><div id=\"panel-397-4-0-0\" class=\"so-panel widget widget_black-studio-tinymce widget_black_studio_tinymce panel-first-child panel-last-child\" data-index=\"5\" ><div class=\"textwidget\"><h3>Servicio en l\u00ednea las 24 horas<\/h3>\n<hr \/>\n<p>Nuestras ventas se mantendr\u00e1n en l\u00ednea y responder\u00e1n sus preguntas en cualquier momento.<\/p>\n<\/div><\/div><\/div><\/div><div id=\"pg-397-5\"  class=\"panel-grid panel-no-style\" ><div id=\"pgc-397-5-0\"  class=\"panel-grid-cell\" ><div id=\"panel-397-5-0-0\" class=\"so-panel widget widget_black-studio-tinymce widget_black_studio_tinymce panel-first-child panel-last-child\" data-index=\"6\" ><div class=\"textwidget\"><h3>Entrega r\u00e1pida<\/h3>\n<hr \/>\n<p>Alusign ha establecido un departamento especial para acortar el tiempo de entrega. Como l\u00edder mundial en la fabricaci\u00f3n de l\u00e1minas compuestas de aluminio, es nuestro deber garantizar que los clientes obtengan sus productos necesarios lo antes posible.<\/p>\n<\/div><\/div><\/div><\/div><div id=\"pg-397-6\"  class=\"panel-grid panel-no-style\" ><div id=\"pgc-397-6-0\"  class=\"panel-grid-cell\" ><div id=\"panel-397-6-0-0\" class=\"so-panel widget widget_black-studio-tinymce widget_black_studio_tinymce panel-first-child panel-last-child\" data-index=\"7\" ><div class=\"textwidget\"><h3>Honestidad e integridad<\/h3>\n<hr \/>\n<p>Seremos responsables de nuestras acciones, reconoceremos los errores y tomaremos medidas correctivas oportunas, haremos lo que decimos que haremos, facilitaremos la informaci\u00f3n que sea simple y f\u00e1cil de entender para que pueda tomar decisiones informadas<\/p>\n<\/div><\/div><\/div><\/div><div id=\"pg-397-7\"  class=\"panel-grid panel-no-style\" ><div id=\"pgc-397-7-0\"  class=\"panel-grid-cell\" ><div id=\"panel-397-7-0-0\" class=\"so-panel widget widget_black-studio-tinymce widget_black_studio_tinymce panel-first-child panel-last-child\" data-index=\"8\" ><div class=\"textwidget\"><h3>Soporte Exhaustivo<\/h3>\n<hr \/>\n<p>Alusign brinda soporte a clientes con amplios conocimientos de automatizaci\u00f3n y fabricaci\u00f3n en el sitio. Nuestros ingenieros de ventas est\u00e1n listos para brindar un soporte integral en todos los niveles de negocios, desde la investigaci\u00f3n hasta la instalaci\u00f3n y las construcciones, y tambi\u00e9n el servicio posventa.<\/p>\n<p><div class=\"su-custom-gallery su-custom-gallery-align-left su-custom-gallery-title-hover\"><div class=\"su-custom-gallery-slide\" style=\"width:210px;height:210px\"><a><img loading=\"lazy\" decoding=\"async\" src=\"https:\/\/www.alusignacm.com\/es\/wp-content\/uploads\/2018\/06\/20160422075832_813-768x1024-210x210.jpg\" alt=\"20160422075832_813-768&#215;1024\" width=\"210\" height=\"210\" \/><span class=\"su-custom-gallery-title\">20160422075832_813-768&#215;1024<\/span><\/a><\/div><div class=\"su-custom-gallery-slide\" style=\"width:210px;height:210px\"><a><img loading=\"lazy\" decoding=\"async\" src=\"https:\/\/www.alusignacm.com\/es\/wp-content\/uploads\/2018\/06\/20160422080037_417-1024x768-210x210.jpg\" alt=\"20160422080037_417-1024&#215;768\" width=\"210\" height=\"210\" \/><span class=\"su-custom-gallery-title\">20160422080037_417-1024&#215;768<\/span><\/a><\/div><div class=\"su-custom-gallery-slide\" style=\"width:210px;height:210px\"><a><img loading=\"lazy\" decoding=\"async\" src=\"https:\/\/www.alusignacm.com\/es\/wp-content\/uploads\/2018\/06\/20160422075957_736-1024x768-210x210.jpg\" alt=\"20160422075957_736-1024&#215;768\" width=\"210\" height=\"210\" \/><span class=\"su-custom-gallery-title\">20160422075957_736-1024&#215;768<\/span><\/a><\/div><div class=\"su-custom-gallery-slide\" style=\"width:210px;height:210px\"><a><img loading=\"lazy\" decoding=\"async\" src=\"https:\/\/www.alusignacm.com\/es\/wp-content\/uploads\/2018\/06\/20160422075928_716-1024x768-210x210.jpg\" alt=\"20160422075928_716-1024&#215;768\" width=\"210\" height=\"210\" \/><span class=\"su-custom-gallery-title\">20160422075928_716-1024&#215;768<\/span><\/a><\/div><div class=\"su-custom-gallery-slide\" style=\"width:210px;height:210px\"><a><img loading=\"lazy\" decoding=\"async\" src=\"https:\/\/www.alusignacm.com\/es\/wp-content\/uploads\/2018\/06\/20160422075904_197-1024x768-210x210.jpg\" alt=\"20160422075904_197-1024&#215;768\" width=\"210\" height=\"210\" \/><span class=\"su-custom-gallery-title\">20160422075904_197-1024&#215;768<\/span><\/a><\/div><div class=\"su-custom-gallery-slide\" style=\"width:210px;height:210px\"><a><img loading=\"lazy\" decoding=\"async\" src=\"https:\/\/www.alusignacm.com\/es\/wp-content\/uploads\/2018\/06\/20160422075753_924-768x1024-210x210.jpg\" alt=\"20160422075753_924-768&#215;1024\" width=\"210\" height=\"210\" \/><span class=\"su-custom-gallery-title\">20160422075753_924-768&#215;1024<\/span><\/a><\/div><div class=\"su-custom-gallery-slide\" style=\"width:210px;height:210px\"><a><img loading=\"lazy\" decoding=\"async\" src=\"https:\/\/www.alusignacm.com\/es\/wp-content\/uploads\/2018\/06\/20160422075719_299-768x1024-210x210.jpg\" alt=\"20160422075719_299-768&#215;1024\" width=\"210\" height=\"210\" \/><span class=\"su-custom-gallery-title\">20160422075719_299-768&#215;1024<\/span><\/a><\/div><div class=\"su-custom-gallery-slide\" style=\"width:210px;height:210px\"><a><img loading=\"lazy\" decoding=\"async\" src=\"https:\/\/www.alusignacm.com\/es\/wp-content\/uploads\/2018\/06\/20160422075602_201-768x1024-210x210.jpg\" alt=\"20160422075602_201-768&#215;1024\" width=\"210\" height=\"210\" \/><span class=\"su-custom-gallery-title\">20160422075602_201-768&#215;1024<\/span><\/a><\/div><div class=\"su-custom-gallery-slide\" style=\"width:210px;height:210px\"><a><img loading=\"lazy\" decoding=\"async\" src=\"https:\/\/www.alusignacm.com\/es\/wp-content\/uploads\/2018\/06\/20160422075532_640-210x210.jpg\" alt=\"20160422075532_640\" width=\"210\" height=\"210\" \/><span class=\"su-custom-gallery-title\">20160422075532_640<\/span><\/a><\/div><div class=\"su-custom-gallery-slide\" style=\"width:210px;height:210px\"><a><img loading=\"lazy\" decoding=\"async\" src=\"https:\/\/www.alusignacm.com\/es\/wp-content\/uploads\/2018\/06\/20160422075449_910-768x1024-210x210.jpg\" alt=\"20160422075449_910-768&#215;1024\" width=\"210\" height=\"210\" \/><span class=\"su-custom-gallery-title\">20160422075449_910-768&#215;1024<\/span><\/a><\/div><div class=\"su-clear\"><\/div><\/div><\/p>\n<\/div><\/div><\/div><\/div><div id=\"pg-397-8\"  class=\"panel-grid panel-has-style\" ><div class=\"siteorigin-panels-stretch panel-row-style panel-row-style-for-397-8\" data-stretch-type=\"full-stretched\" ><div id=\"pgc-397-8-0\"  class=\"panel-grid-cell\" ><div id=\"panel-397-8-0-0\" class=\"so-panel widget widget_black-studio-tinymce widget_black_studio_tinymce panel-first-child panel-last-child\" data-index=\"9\" ><div class=\"panel-widget-style panel-widget-style-for-397-8-0-0\" ><div class=\"textwidget\"><blockquote class=\"quote\">\n<h4 style=\"text-align: center;\"><em><span style=\"color: #97c93c;\">Quality means doing it rightwhen no one is looking.<\/span><\/em><\/h4>\n<p style=\"text-align: center;\"><span style=\"color: #97c93c;\">-Henry Ford<\/span><\/p>\n<\/blockquote>\n<h2 class=\"heading-big\" style=\"text-align: center;\"><span style=\"color: #97c93c;\">We do that.<\/span><a class=\"fancybox\" href=\"#contact_from_pop\"><img loading=\"lazy\" decoding=\"async\" class=\"size-full wp-image-2270 aligncenter\" src=\"http:\/\/www.alusignacm.com\/es\/wp-content\/uploads\/2018\/09\/contact-us.png\" alt=\"\" width=\"278\" height=\"79\" \/><\/a><\/h2>\n<div class=\"fancybox-hidden\">\n<div id=\"contact_from_pop\" style=\"text-align: center;\">\n<div class=\"wpcf7 no-js\" id=\"wpcf7-f1045-o1\" lang=\"en-GB\" dir=\"ltr\" data-wpcf7-id=\"1045\">\n<div class=\"screen-reader-response\"><p role=\"status\" aria-live=\"polite\" aria-atomic=\"true\"><\/p> <ul><\/ul><\/div>\n<form action=\"\/es\/wp-json\/wp\/v2\/pages\/397#wpcf7-f1045-o1\" method=\"post\" class=\"wpcf7-form init\" aria-label=\"Contact form\" novalidate=\"novalidate\" data-status=\"init\">\n<fieldset class=\"hidden-fields-container\"><input type=\"hidden\" name=\"_wpcf7\" value=\"1045\" \/><input type=\"hidden\" name=\"_wpcf7_version\" value=\"6.1.5\" \/><input type=\"hidden\" name=\"_wpcf7_locale\" value=\"en_GB\" \/><input type=\"hidden\" name=\"_wpcf7_unit_tag\" value=\"wpcf7-f1045-o1\" \/><input type=\"hidden\" name=\"_wpcf7_container_post\" value=\"0\" \/><input type=\"hidden\" name=\"_wpcf7_posted_data_hash\" value=\"\" \/>\n<\/fieldset>\n<p><span class=\"wpcf7-form-control-wrap\" data-name=\"your-name\"><input size=\"40\" maxlength=\"400\" class=\"wpcf7-form-control wpcf7-text wpcf7-validates-as-required\" aria-required=\"true\" aria-invalid=\"false\" placeholder=\"Nombre\" value=\"\" type=\"text\" name=\"your-name\" \/><\/span>\n<\/p>\n<p><span class=\"wpcf7-form-control-wrap\" data-name=\"your-email\"><input size=\"40\" maxlength=\"400\" class=\"wpcf7-form-control wpcf7-email wpcf7-validates-as-required wpcf7-text wpcf7-validates-as-email\" aria-required=\"true\" aria-invalid=\"false\" placeholder=\"correo electr\u00f3nico\" value=\"\" type=\"email\" name=\"your-email\" \/><\/span>\n<\/p>\n<p><span class=\"wpcf7-form-control-wrap\" data-name=\"your-Phone\"><input size=\"40\" maxlength=\"400\" class=\"wpcf7-form-control wpcf7-text wpcf7-validates-as-required\" aria-required=\"true\" aria-invalid=\"false\" placeholder=\"Tel\u00e9fono\" value=\"\" type=\"text\" name=\"your-Phone\" \/><\/span>\n<\/p>\n<p><span class=\"wpcf7-form-control-wrap\" data-name=\"your-Country\"><input size=\"40\" maxlength=\"400\" class=\"wpcf7-form-control wpcf7-text wpcf7-validates-as-required\" aria-required=\"true\" aria-invalid=\"false\" placeholder=\"Pa\u00eds\" value=\"\" type=\"text\" name=\"your-Country\" \/><\/span>\n<\/p>\n<p><span class=\"wpcf7-form-control-wrap\" data-name=\"your-Inquiry\"><input size=\"40\" maxlength=\"400\" class=\"wpcf7-form-control wpcf7-text\" aria-invalid=\"false\" placeholder=\"Investigaci\u00f3n\" value=\"\" type=\"text\" name=\"your-Inquiry\" \/><\/span>\n<\/p>\n<p><label> Cantidad aproximada de demanda:<br \/>\n<span class=\"wpcf7-form-control-wrap\" data-name=\"Quantity\"><span class=\"wpcf7-form-control wpcf7-checkbox\"><span class=\"wpcf7-list-item first\"><input type=\"checkbox\" name=\"Quantity[]\" value=\"below 100m\u00b2\" \/><span class=\"wpcf7-list-item-label\">below 100m\u00b2<\/span><\/span><span class=\"wpcf7-list-item\"><input type=\"checkbox\" name=\"Quantity[]\" value=\"100m\u00b2 - 500m\u00b2\" \/><span class=\"wpcf7-list-item-label\">100m\u00b2 - 500m\u00b2<\/span><\/span><span class=\"wpcf7-list-item\"><input type=\"checkbox\" name=\"Quantity[]\" value=\"500m\u00b2 - 1000m\u00b2\" \/><span class=\"wpcf7-list-item-label\">500m\u00b2 - 1000m\u00b2<\/span><\/span><span class=\"wpcf7-list-item last\"><input type=\"checkbox\" name=\"Quantity[]\" value=\"Above 1000m\u00b2\" \/><span class=\"wpcf7-list-item-label\">Above 1000m\u00b2<\/span><\/span><\/span><\/span><br \/>\n<\/label><label><span class=\"wpcf7-form-control-wrap\" data-name=\"checkbox-256\"><span class=\"wpcf7-form-control wpcf7-checkbox\"><span class=\"wpcf7-list-item first last\"><input type=\"checkbox\" name=\"checkbox-256[]\" value=\"Por favor env\u00edeme la carta de colores Alusign\" \/><span class=\"wpcf7-list-item-label\">Por favor env\u00edeme la carta de colores Alusign<\/span><\/span><\/span><\/span><br \/>\n<span id=\"wpcf7-69e7b8e9d3de3-wrapper\" class=\"wpcf7-form-control-wrap honeypot-30-wrap\" style=\"display:none !important; visibility:hidden !important;\"><label for=\"wpcf7-69e7b8e9d3de3-field\" class=\"hp-message\">Please leave this field empty.<\/label><input id=\"wpcf7-69e7b8e9d3de3-field\"  class=\"wpcf7-form-control wpcf7-text\" type=\"text\" name=\"honeypot-30\" value=\"\" size=\"40\" tabindex=\"-1\" autocomplete=\"new-password\" \/><\/span><br \/>\n&nbsp;<br \/>\n<input class=\"wpcf7-form-control wpcf7-submit has-spinner\" type=\"submit\" value=\"Send\" \/><br \/>\n&nbsp;<\/label>\n<\/p><div class=\"wpcf7-response-output\" aria-hidden=\"true\"><\/div>\n<\/form>\n<\/div>\n<\/div>\n<\/div>\n<\/div><\/div><\/div><\/div><\/div><\/div><\/div>","protected":false},"excerpt":{"rendered":"<p>Como fabricante l\u00edder mundial de paneles compuestos de aluminio, sabemos que el valor y la confianza son los ingredientes de [&hellip;]<\/p>\n","protected":false},"author":1,"featured_media":0,"parent":0,"menu_order":0,"comment_status":"closed","ping_status":"closed","template":"","meta":{"footnotes":""},"class_list":["post-397","page","type-page","status-publish","hentry"],"yoast_head":"<!-- This site is optimized with the Yoast SEO plugin v27.4 - https:\/\/yoast.com\/product\/yoast-seo-wordpress\/ -->\n<title>Servicio de Alusign - ACP Panel Manufacturer<\/title>\n<meta name=\"robots\" content=\"index, follow, max-snippet:-1, max-image-preview:large, max-video-preview:-1\" \/>\n<link rel=\"canonical\" href=\"https:\/\/www.alusignacm.com\/es\/servicio-de-alusign\/\" \/>\n<meta property=\"og:locale\" content=\"en_GB\" \/>\n<meta property=\"og:type\" content=\"article\" \/>\n<meta property=\"og:title\" content=\"Servicio de Alusign - ACP Panel Manufacturer\" \/>\n<meta property=\"og:description\" content=\"Como fabricante l\u00edder mundial de paneles compuestos de aluminio, sabemos que el valor y la confianza son los ingredientes de [&hellip;]\" \/>\n<meta property=\"og:url\" content=\"https:\/\/www.alusignacm.com\/es\/servicio-de-alusign\/\" \/>\n<meta property=\"og:site_name\" content=\"ACP Panel Manufacturer\" \/>\n<meta property=\"article:modified_time\" content=\"2018-11-07T07:31:36+00:00\" \/>\n<meta property=\"og:image\" content=\"http:\/\/www.alusignacm.com\/es\/wp-content\/uploads\/2018\/06\/20160422075832_813-768x1024-210x210.jpg\" \/>\n<meta name=\"twitter:card\" content=\"summary_large_image\" \/>\n<meta name=\"twitter:label1\" content=\"Estimated reading time\" \/>\n\t<meta name=\"twitter:data1\" content=\"2 minutes\" \/>\n<script type=\"application\/ld+json\" class=\"yoast-schema-graph\">{\"@context\":\"https:\\\/\\\/schema.org\",\"@graph\":[{\"@type\":\"WebPage\",\"@id\":\"https:\\\/\\\/www.alusignacm.com\\\/es\\\/servicio-de-alusign\\\/\",\"url\":\"https:\\\/\\\/www.alusignacm.com\\\/es\\\/servicio-de-alusign\\\/\",\"name\":\"Servicio de Alusign - ACP Panel Manufacturer\",\"isPartOf\":{\"@id\":\"https:\\\/\\\/www.alusignacm.com\\\/es\\\/#website\"},\"primaryImageOfPage\":{\"@id\":\"https:\\\/\\\/www.alusignacm.com\\\/es\\\/servicio-de-alusign\\\/#primaryimage\"},\"image\":{\"@id\":\"https:\\\/\\\/www.alusignacm.com\\\/es\\\/servicio-de-alusign\\\/#primaryimage\"},\"thumbnailUrl\":\"http:\\\/\\\/www.alusignacm.com\\\/es\\\/wp-content\\\/uploads\\\/2018\\\/06\\\/20160422075832_813-768x1024-210x210.jpg\",\"datePublished\":\"2018-06-05T22:23:20+00:00\",\"dateModified\":\"2018-11-07T07:31:36+00:00\",\"breadcrumb\":{\"@id\":\"https:\\\/\\\/www.alusignacm.com\\\/es\\\/servicio-de-alusign\\\/#breadcrumb\"},\"inLanguage\":\"en-GB\",\"potentialAction\":[{\"@type\":\"ReadAction\",\"target\":[\"https:\\\/\\\/www.alusignacm.com\\\/es\\\/servicio-de-alusign\\\/\"]}]},{\"@type\":\"ImageObject\",\"inLanguage\":\"en-GB\",\"@id\":\"https:\\\/\\\/www.alusignacm.com\\\/es\\\/servicio-de-alusign\\\/#primaryimage\",\"url\":\"http:\\\/\\\/www.alusignacm.com\\\/es\\\/wp-content\\\/uploads\\\/2018\\\/06\\\/20160422075832_813-768x1024-210x210.jpg\",\"contentUrl\":\"http:\\\/\\\/www.alusignacm.com\\\/es\\\/wp-content\\\/uploads\\\/2018\\\/06\\\/20160422075832_813-768x1024-210x210.jpg\"},{\"@type\":\"BreadcrumbList\",\"@id\":\"https:\\\/\\\/www.alusignacm.com\\\/es\\\/servicio-de-alusign\\\/#breadcrumb\",\"itemListElement\":[{\"@type\":\"ListItem\",\"position\":1,\"name\":\"Home\",\"item\":\"https:\\\/\\\/www.alusignacm.com\\\/es\\\/\"},{\"@type\":\"ListItem\",\"position\":2,\"name\":\"Servicio de Alusign\"}]},{\"@type\":\"WebSite\",\"@id\":\"https:\\\/\\\/www.alusignacm.com\\\/es\\\/#website\",\"url\":\"https:\\\/\\\/www.alusignacm.com\\\/es\\\/\",\"name\":\"ACP Panel Manufacturer\",\"description\":\"Leader of Aluminum Composite Panel Manufacturer\",\"publisher\":{\"@id\":\"https:\\\/\\\/www.alusignacm.com\\\/es\\\/#organization\"},\"potentialAction\":[{\"@type\":\"SearchAction\",\"target\":{\"@type\":\"EntryPoint\",\"urlTemplate\":\"https:\\\/\\\/www.alusignacm.com\\\/es\\\/?s={search_term_string}\"},\"query-input\":{\"@type\":\"PropertyValueSpecification\",\"valueRequired\":true,\"valueName\":\"search_term_string\"}}],\"inLanguage\":\"en-GB\"},{\"@type\":\"Organization\",\"@id\":\"https:\\\/\\\/www.alusignacm.com\\\/es\\\/#organization\",\"name\":\"ACP Panel Manufacturer\",\"url\":\"https:\\\/\\\/www.alusignacm.com\\\/es\\\/\",\"logo\":{\"@type\":\"ImageObject\",\"inLanguage\":\"en-GB\",\"@id\":\"https:\\\/\\\/www.alusignacm.com\\\/es\\\/#\\\/schema\\\/logo\\\/image\\\/\",\"url\":\"https:\\\/\\\/www.alusignacm.com\\\/es\\\/wp-content\\\/uploads\\\/2018\\\/06\\\/cropped-logo-2.jpg\",\"contentUrl\":\"https:\\\/\\\/www.alusignacm.com\\\/es\\\/wp-content\\\/uploads\\\/2018\\\/06\\\/cropped-logo-2.jpg\",\"width\":150,\"height\":50,\"caption\":\"ACP Panel Manufacturer\"},\"image\":{\"@id\":\"https:\\\/\\\/www.alusignacm.com\\\/es\\\/#\\\/schema\\\/logo\\\/image\\\/\"}}]}<\/script>\n<!-- \/ Yoast SEO plugin. -->","yoast_head_json":{"title":"Servicio de Alusign - ACP Panel Manufacturer","robots":{"index":"index","follow":"follow","max-snippet":"max-snippet:-1","max-image-preview":"max-image-preview:large","max-video-preview":"max-video-preview:-1"},"canonical":"https:\/\/www.alusignacm.com\/es\/servicio-de-alusign\/","og_locale":"en_GB","og_type":"article","og_title":"Servicio de Alusign - ACP Panel Manufacturer","og_description":"Como fabricante l\u00edder mundial de paneles compuestos de aluminio, sabemos que el valor y la confianza son los ingredientes de [&hellip;]","og_url":"https:\/\/www.alusignacm.com\/es\/servicio-de-alusign\/","og_site_name":"ACP Panel Manufacturer","article_modified_time":"2018-11-07T07:31:36+00:00","og_image":[{"url":"http:\/\/www.alusignacm.com\/es\/wp-content\/uploads\/2018\/06\/20160422075832_813-768x1024-210x210.jpg","type":"","width":"","height":""}],"twitter_card":"summary_large_image","twitter_misc":{"Estimated reading time":"2 minutes"},"schema":{"@context":"https:\/\/schema.org","@graph":[{"@type":"WebPage","@id":"https:\/\/www.alusignacm.com\/es\/servicio-de-alusign\/","url":"https:\/\/www.alusignacm.com\/es\/servicio-de-alusign\/","name":"Servicio de Alusign - ACP Panel Manufacturer","isPartOf":{"@id":"https:\/\/www.alusignacm.com\/es\/#website"},"primaryImageOfPage":{"@id":"https:\/\/www.alusignacm.com\/es\/servicio-de-alusign\/#primaryimage"},"image":{"@id":"https:\/\/www.alusignacm.com\/es\/servicio-de-alusign\/#primaryimage"},"thumbnailUrl":"http:\/\/www.alusignacm.com\/es\/wp-content\/uploads\/2018\/06\/20160422075832_813-768x1024-210x210.jpg","datePublished":"2018-06-05T22:23:20+00:00","dateModified":"2018-11-07T07:31:36+00:00","breadcrumb":{"@id":"https:\/\/www.alusignacm.com\/es\/servicio-de-alusign\/#breadcrumb"},"inLanguage":"en-GB","potentialAction":[{"@type":"ReadAction","target":["https:\/\/www.alusignacm.com\/es\/servicio-de-alusign\/"]}]},{"@type":"ImageObject","inLanguage":"en-GB","@id":"https:\/\/www.alusignacm.com\/es\/servicio-de-alusign\/#primaryimage","url":"http:\/\/www.alusignacm.com\/es\/wp-content\/uploads\/2018\/06\/20160422075832_813-768x1024-210x210.jpg","contentUrl":"http:\/\/www.alusignacm.com\/es\/wp-content\/uploads\/2018\/06\/20160422075832_813-768x1024-210x210.jpg"},{"@type":"BreadcrumbList","@id":"https:\/\/www.alusignacm.com\/es\/servicio-de-alusign\/#breadcrumb","itemListElement":[{"@type":"ListItem","position":1,"name":"Home","item":"https:\/\/www.alusignacm.com\/es\/"},{"@type":"ListItem","position":2,"name":"Servicio de Alusign"}]},{"@type":"WebSite","@id":"https:\/\/www.alusignacm.com\/es\/#website","url":"https:\/\/www.alusignacm.com\/es\/","name":"ACP Panel Manufacturer","description":"Leader of Aluminum Composite Panel Manufacturer","publisher":{"@id":"https:\/\/www.alusignacm.com\/es\/#organization"},"potentialAction":[{"@type":"SearchAction","target":{"@type":"EntryPoint","urlTemplate":"https:\/\/www.alusignacm.com\/es\/?s={search_term_string}"},"query-input":{"@type":"PropertyValueSpecification","valueRequired":true,"valueName":"search_term_string"}}],"inLanguage":"en-GB"},{"@type":"Organization","@id":"https:\/\/www.alusignacm.com\/es\/#organization","name":"ACP Panel Manufacturer","url":"https:\/\/www.alusignacm.com\/es\/","logo":{"@type":"ImageObject","inLanguage":"en-GB","@id":"https:\/\/www.alusignacm.com\/es\/#\/schema\/logo\/image\/","url":"https:\/\/www.alusignacm.com\/es\/wp-content\/uploads\/2018\/06\/cropped-logo-2.jpg","contentUrl":"https:\/\/www.alusignacm.com\/es\/wp-content\/uploads\/2018\/06\/cropped-logo-2.jpg","width":150,"height":50,"caption":"ACP Panel Manufacturer"},"image":{"@id":"https:\/\/www.alusignacm.com\/es\/#\/schema\/logo\/image\/"}}]}},"_links":{"self":[{"href":"https:\/\/www.alusignacm.com\/es\/wp-json\/wp\/v2\/pages\/397","targetHints":{"allow":["GET"]}}],"collection":[{"href":"https:\/\/www.alusignacm.com\/es\/wp-json\/wp\/v2\/pages"}],"about":[{"href":"https:\/\/www.alusignacm.com\/es\/wp-json\/wp\/v2\/types\/page"}],"author":[{"embeddable":true,"href":"https:\/\/www.alusignacm.com\/es\/wp-json\/wp\/v2\/users\/1"}],"replies":[{"embeddable":true,"href":"https:\/\/www.alusignacm.com\/es\/wp-json\/wp\/v2\/comments?post=397"}],"version-history":[{"count":0,"href":"https:\/\/www.alusignacm.com\/es\/wp-json\/wp\/v2\/pages\/397\/revisions"}],"wp:attachment":[{"href":"https:\/\/www.alusignacm.com\/es\/wp-json\/wp\/v2\/media?parent=397"}],"curies":[{"name":"wp","href":"https:\/\/api.w.org\/{rel}","templated":true}]}}